{"id":98064,"date":"2025-08-28T08:44:32","date_gmt":"2025-08-28T08:44:32","guid":{"rendered":"https:\/\/www.zanshin-dojo.de\/?page_id=98064"},"modified":"2025-10-14T11:31:09","modified_gmt":"2025-10-14T11:31:09","slug":"barrierefreiheitserklaerung","status":"publish","type":"page","link":"https:\/\/www.zanshin-dojo.de\/en\/barrierefreiheitserklaerung\/","title":{"rendered":"Barrierefreiheitserkl\u00e4rung"},"content":{"rendered":"<div class=\"wpb-content-wrapper\"><div data-parent=\"true\" class=\"vc_row row-container onepage-section\" data-label=\"website\" data-name=\"website\" id=\"row-unique-0\"><div class=\"row limit-width row-parent\"><div class=\"wpb_row row-inner\"><div class=\"wpb_column pos-top pos-center align_left column_parent col-lg-12 single-internal-gutter\"><div class=\"uncol style-light\"  ><div class=\"uncoltable\"><div class=\"uncell no-block-padding\" ><div class=\"uncont\" ><div class=\"uncode_text_column\" ><p><strong>Barrierefreiheitserkl\u00e4rung <\/strong><\/p>\n<p>&nbsp;<\/p>\n<p><strong>Gesetzliche Anforderungen <\/strong><\/p>\n<p>Die gesetzlichen Anforderungen an die digitale Barrierefreiheit richten sich nach dem Barrierefreiheitsst\u00e4rkungsgesetz (BFSG), der Verordnung zum Barrierefreiheitsst\u00e4rkungsgesetz (BFSGV), der EU-Richtline (EU) 2019\/882 und dem Web Content Accessibility Guidelines (WCAG) 2.2.<\/p>\n<p>&nbsp;<\/p>\n<p><strong>Allgemeine Beschreibung der Dienstleistung<\/strong><\/p>\n<p>Das Kampfsportstudio Zanshin Dojo GmbH &amp; Co. KG bietet ein breites Angebot an Fitness- und Gesundheitsdienstleistungen an, darunter Kursangebote im Bereich Kampfsport und Functional Training, Ger\u00e4te- und Freihanteltraining, Wellnessbereiche sowie individuelle Trainingsberatun<em>g<\/em>. Auf der Webseite wird der Abschluss von Vertr\u00e4gen angeboten, die den Kunden zur Nutzung der angebotenen Leistungen berechtigen.<\/p>\n<p>&nbsp;<\/p>\n<p><strong>Umsetzung der gesetzlichen Vorgaben <\/strong><\/p>\n<p>Folgende Optionen zur barrierefreien Nutzung der Webseite stehen zur Verf\u00fcgung:<\/p>\n<p>&nbsp;<\/p>\n<ul>\n<li><em>Bedienung des Online-Shops mittels Tastatur<\/em><\/li>\n<li><em>Sichtbarkeit von Fokusmarkierungen<\/em><\/li>\n<li><em>Lesbarkeit von Textelementen mit Screen Readern<\/em><\/li>\n<li><em>Individuelle Anpassungsm\u00f6glichkeit der Schriftgr\u00f6\u00dfe<\/em><\/li>\n<li><em>Verwendung ausreichender Farbkontraste<\/em><\/li>\n<li><em>Bilder mit Bezug zu einzelnen Produkten sind mit einer Bildbeschreibung versehen<\/em><\/li>\n<li><em>Pausieren von Videos<\/em><\/li>\n<li><em>Verzicht auf Inhalte mit schnellen Bildabfolgen<\/em><\/li>\n<li><em>Teilweise Verwendung beschreibender Seitentitel und klarer Navigationsstrukturen<\/em><\/li>\n<li><em>Verst\u00e4ndliche Erl\u00e4uterung von Eingabefehlern und Bereitstellung von Hilfestellungen<\/em><\/li>\n<li><em>Kompatibilit\u00e4t mit allen g\u00e4ngigen Browsern<\/em><\/li>\n<li><em>Einsatz semantischer HTML-Strukturen und ARIA-Rollen<\/em><\/li>\n<li><em>Videos, die nach dem 28. Juni 2025 ver\u00f6ffentlicht wurden, sind mit Untertiteln versehen<\/em><\/li>\n<li><em>Zum Download bereitstehende Dokumente, die nach dem 28. Juni 2025 ver\u00f6ffentlicht wurden, stehen in einem barrierefreien Format zu Verf\u00fcgung.<\/em><\/li>\n<\/ul>\n<p>&nbsp;<\/p>\n<p><strong>Erstellung der Erkl\u00e4rung <\/strong><\/p>\n<p>Diese Barrierefreiheitserkl\u00e4rung wurde am 27.08.2025 erstellt und basiert auf einer<em> Selbsteinsch\u00e4tzung<\/em><\/p>\n<p><strong>Feedback und Kontakt <\/strong><\/p>\n<p>Gerne k\u00f6nnen Sie uns Anregungen, Feedback und Hinweise zur digitalen Barrierefreiheit dieser Webseite zukommen lassen. Kontaktieren Sie uns unter:<\/p>\n<p><em>Zanshin Dojo GmbH &amp; Co KG<\/em><\/p>\n<p><em>\u00a0Mendelssohnstrasse 15 b, 22761 Hamburg<\/em><\/p>\n<p><em>\u00a0Info(at)zanshin-dojo.de<\/em><\/p>\n<p><em>\u00a0+49-40-89070352<\/em><\/p>\n<p>Die Verarbeitung der Daten erfolgt gem\u00e4\u00df unserer <a href=\"https:\/\/www.zanshin-dojo.de\/en\/datenschutzerklaerung\/\">Privacy policy<\/a><em>.<\/em> Die \u00dcbermittlung der personenbezogenen Daten erfolgt auf freiwilliger Basis.<\/p>\n<p>&nbsp;<\/p>\n<p><strong>Informationen nach Artikel 246 EGBGB<\/strong><\/p>\n<p>Gesch\u00e4ftsf\u00fchrer: Tim von Fintel und Finn Rathmann<\/p>\n<p><em>Mendelssohnstrasse 15 b, 22761 Hamburg<\/em><\/p>\n<p><em>+49-40-89070352<\/em><\/p>\n<p>&nbsp;<\/p>\n<p><strong>Zust\u00e4ndige Markt\u00fcberwachungsbeh\u00f6rde<\/strong><\/p>\n<p>Zust\u00e4ndig f\u00fcr die \u00dcberpr\u00fcfung der Barrierefreiheit von Webseiten ist die Markt\u00fcberwachungsbeh\u00f6rde der L\u00e4nder f\u00fcr die Barrierefreiheit von Produkten und Dienstleistungen in Magdeburg (Sachsen-Anhalt):<\/p>\n<p>&nbsp;<\/p>\n<p>Markt\u00fcberwachungsstelle der L\u00e4nder f\u00fcr die Barrierefreiheit von Produkten und Dienstleistungen (MLBF)<br \/>\nc\/o Ministerium f\u00fcr Arbeit, Soziales, Gesundheit und Gleichstellung Sachsen-Anhalt<br \/>\nPostfach 39 11 55<br \/>\n39135 Magdeburg<\/p>\n<p>Telefon: 0391 567 6970<br \/>\nE-\u200bMail: <a href=\"mailto:mlbf@ms.sachsen-\u200banhalt.de\">mlbf@ms.sachsen-\u200banhalt.de<\/a><\/p>\n<\/div><\/div><\/div><\/div><\/div><\/div><script id=\"script-row-unique-0\" data-row=\"script-row-unique-0\" type=\"text\/javascript\" class=\"vc_controls\">UNCODE.initRow(document.getElementById(\"row-unique-0\"));<\/script><\/div><\/div><\/div>\n<\/div>","protected":false},"excerpt":{"rendered":"Barrierefreiheitserkl\u00e4rung &nbsp; Gesetzliche Anforderungen Die gesetzlichen Anforderungen an die digitale Barrierefreiheit richten sich nach dem Barrierefreiheitsst\u00e4rkungsgesetz (BFSG), der Verordnung zum [...]","protected":false},"author":12,"featured_media":0,"parent":0,"menu_order":0,"comment_status":"closed","ping_status":"closed","template":"","meta":{"footnotes":""},"class_list":["post-98064","page","type-page","status-publish","hentry"],"_links":{"self":[{"href":"https:\/\/www.zanshin-dojo.de\/en\/wp-json\/wp\/v2\/pages\/98064","targetHints":{"allow":["GET"]}}],"collection":[{"href":"https:\/\/www.zanshin-dojo.de\/en\/wp-json\/wp\/v2\/pages"}],"about":[{"href":"https:\/\/www.zanshin-dojo.de\/en\/wp-json\/wp\/v2\/types\/page"}],"author":[{"embeddable":true,"href":"https:\/\/www.zanshin-dojo.de\/en\/wp-json\/wp\/v2\/users\/12"}],"replies":[{"embeddable":true,"href":"https:\/\/www.zanshin-dojo.de\/en\/wp-json\/wp\/v2\/comments?post=98064"}],"version-history":[{"count":3,"href":"https:\/\/www.zanshin-dojo.de\/en\/wp-json\/wp\/v2\/pages\/98064\/revisions"}],"predecessor-version":[{"id":98200,"href":"https:\/\/www.zanshin-dojo.de\/en\/wp-json\/wp\/v2\/pages\/98064\/revisions\/98200"}],"wp:attachment":[{"href":"https:\/\/www.zanshin-dojo.de\/en\/wp-json\/wp\/v2\/media?parent=98064"}],"curies":[{"name":"wp","href":"https:\/\/api.w.org\/{rel}","templated":true}]}}