{"id":90945,"date":"2022-07-29T13:36:57","date_gmt":"2022-07-29T13:36:57","guid":{"rendered":"https:\/\/www.zanshin-dojo.de\/?page_id=90945"},"modified":"2023-11-08T14:02:23","modified_gmt":"2023-11-08T14:02:23","slug":"vertrag","status":"publish","type":"page","link":"https:\/\/www.zanshin-dojo.de\/en\/faq\/vertrag\/","title":{"rendered":"Vertrag"},"content":{"rendered":"<div class=\"wpb-content-wrapper\"><div data-parent=\"true\" class=\"vc_row style-color-182181-bg row-container\" id=\"row-unique-0\"><div class=\"row-background background-element\">\n\t\t\t\t\t\t\t\t\t\t\t<div class=\"background-wrapper\">\n\t\t\t\t\t\t\t\t\t\t\t\t<div class=\"background-inner\" style=\"background-image: url(https:\/\/www.zanshin-dojo.de\/wp-content\/uploads\/2021\/06\/faq-zanshin-dojo.jpg);background-repeat: no-repeat;background-position: center center;background-attachment: scroll;background-size: cover;\"><\/div>\n\t\t\t\t\t\t\t\t\t\t\t\t<div class=\"block-bg-overlay style-color-182181-bg\" style=\"opacity: 0;\"><\/div>\n\t\t\t\t\t\t\t\t\t\t\t<\/div>\n\t\t\t\t\t\t\t\t\t\t<\/div><div class=\"row double-top-padding double-bottom-padding single-h-padding full-width row-parent\" data-height-ratio=\"32\"><div class=\"wpb_row row-inner\"><div class=\"wpb_column pos-middle pos-center align_center column_parent col-lg-12 half-internal-gutter\"><div class=\"uncol style-dark\"  ><div class=\"uncoltable\"><div class=\"uncell no-block-padding\" ><div class=\"uncont\" ><div class=\"vc_custom_heading_wrap\"><div class=\"heading-text el-text heading-lines\" ><h1 class=\"fontsize-155944 fontheight-179065 fontspace-111509 font-weight-800 text-uppercase font-obs\" data-font=\"\"><i><span class=\"heading-text-inner\"><span class=\"heading-text-highlight\" data-atts='{\"bg\":\"style-color-632047-bg\",\"height\":\"7%\",\"offset\":\"0.11em\",\"opacity\":\"1\"}'><span class=\"split-word word1\"><span class=\"split-word-flow\"><span class=\"split-word-inner\">Deine<\/span><\/span><\/span><span class=\"split-word word2\"><span class=\"split-word-flow\"><span class=\"split-word-inner split-empty-inner\"><span class=\"split-word-empty\">&nbsp;<\/span>Membership<\/span><\/span><\/span><\/span><\/span><\/i><\/h1><\/div><div class=\"clear\"><\/div><\/div><\/div><\/div><\/div><\/div><\/div><script id=\"script-row-unique-0\" data-row=\"script-row-unique-0\" type=\"text\/javascript\" class=\"vc_controls\">UNCODE.initRow(document.getElementById(\"row-unique-0\"));<\/script><\/div><\/div><\/div><div data-parent=\"true\" class=\"vc_row row-container\" id=\"row-unique-1\"><div class=\"row-background background-element\" style=\"opacity: 1;\">\n\t\t\t\t\t\t\t\t\t\t\t<div class=\"background-wrapper\">\n\t\t\t\t\t\t\t\t\t\t\t\t<div class=\"background-inner\"><\/div>\n\t\t\t\t\t\t\t\t\t\t\t\t<div class=\"block-bg-overlay style-color-lxmt-bg\" style=\"opacity: 0.5;\"><\/div>\n\t\t\t\t\t\t\t\t\t\t\t<\/div>\n\t\t\t\t\t\t\t\t\t\t<\/div><div class=\"row double-top-padding double-bottom-padding single-h-padding limit-width row-parent\" data-height-ratio=\"50\"><div class=\"wpb_row row-inner\"><div class=\"wpb_column pos-middle pos-center align_center column_parent col-lg-12 single-internal-gutter\"><div class=\"uncol style-light\"  ><div class=\"uncoltable\"><div class=\"uncell\" ><div class=\"uncont no-block-padding col-custom-width\" style=\" max-width:900px;\" ><div class=\"vc_custom_heading_wrap\"><div class=\"heading-text el-text\" ><h3 class=\"fontsize-155944\" ><span>Schade, dass du uns verlassen m\u00f6chtest!<\/span><\/h3><\/div><div class=\"clear\"><\/div><\/div><div class=\"uncode_text_column\" ><p>Wir m\u00f6chten, dass du zufrieden bist. Wusstest du schon, dass es andere Alternativen zu der K\u00fcndigung gibt? Wir haben dir ein paar M\u00f6glichkeiten zusammengefasst. Weiter unten findest du das K\u00fcndigungsformular.<\/p>\n<\/div><\/div><\/div><\/div><\/div><\/div><script id=\"script-row-unique-1\" data-row=\"script-row-unique-1\" type=\"text\/javascript\" class=\"vc_controls\">UNCODE.initRow(document.getElementById(\"row-unique-1\"));<\/script><\/div><\/div><\/div><div data-parent=\"true\" class=\"vc_row row-container\" id=\"row-unique-2\"><div class=\"row double-top-padding exa-bottom-padding single-h-padding limit-width row-parent\"><div class=\"wpb_row row-inner\"><div class=\"wpb_column pos-top pos-center align_left column_parent col-lg-12 single-internal-gutter\"><div class=\"uncol style-light\"  ><div class=\"uncoltable\"><div class=\"uncell no-block-padding\" ><div class=\"uncont\" ><div class=\"uncode-accordion wpb_accordion wpb_content_element  sign-size-rg w-border\" data-collapsible=\"no\" data-target=\"\" data-active-tab=\"0\" >\n\t\t<div class=\"panel-group wpb_wrapper wpb_accordion_wrapper\" id=\"accordion_281211262\" data-no-toggle=\"\">\n\n<div class=\"panel panel-default wpb_accordion_section group\"><div class=\"panel-heading wpb_accordion_header ui-accordion-header\"><p class=\"panel-title font-weight- text-   icon-size-rg\"><a data-toggle=\"collapse\" data-parent=\"#accordion_281211262\" href=\"#1658923400191-3-2\"><i class=\"fa fa-plus icon-position-left\"><\/i><span>Ich bin beruflich unterwegs oder verletzt und schaffe es in der Zeit nicht zum Training<\/span><\/a><\/p><\/div><div id=\"1658923400191-3-2\" class=\"panel-collapse collapse\"><div class=\"panel-body wpb_accordion_content ui-accordion-content half-internal-gutter single-block-padding\">\n\t\t\t\t\t\t<div class=\"uncode_text_column\" ><p>If you are absent for more than one month, we can suspend your membership due to professional absence with a confirmation from your employer or due to an injury with a medical certificate.<\/p>\n<\/div><span class=\"btn-container\" ><a role=\"button\"  href=\"https:\/\/www.zanshin-dojo.de\/en\/vertrag\/#kontakt\" class=\"custom-link btn border-width-0 btn-color-182181 btn-icon-left\" title=\"Vertrag\">Contact form<\/a><\/span><\/div><\/div><\/div><div class=\"panel panel-default wpb_accordion_section group\"><div class=\"panel-heading wpb_accordion_header ui-accordion-header\"><p class=\"panel-title font-weight- text-   icon-size-rg\"><a data-toggle=\"collapse\" data-parent=\"#accordion_281211262\" href=\"#1658922921-1-10\"><i class=\"fa fa-plus icon-position-left\"><\/i><span>Ich ziehe um und die Entfernung ist zu weit<\/span><\/a><\/p><\/div><div id=\"1658922921-1-10\" class=\"panel-collapse collapse\"><div class=\"panel-body wpb_accordion_content ui-accordion-content half-internal-gutter single-block-padding\">\n\t\t\t\t\t\t<div class=\"uncode_text_column\" ><p>If you move more than 30km away from our studio, we grant you a special right of termination. Please send us proof in the form of a certificate of relocation or a rental agreement.<\/p>\n<\/div><span class=\"btn-container\" ><a role=\"button\"  href=\"https:\/\/www.zanshin-dojo.de\/en\/vertrag\/#kontakt\" class=\"custom-link btn border-width-0 btn-color-182181 btn-icon-left\" title=\"Vertrag\">Contact form<\/a><\/span><\/div><\/div><\/div><div class=\"panel panel-default wpb_accordion_section group\"><div class=\"panel-heading wpb_accordion_header ui-accordion-header\"><p class=\"panel-title font-weight- text-   icon-size-rg\"><a data-toggle=\"collapse\" data-parent=\"#accordion_281211262\" href=\"#1658923313604-2-1\"><i class=\"fa fa-plus icon-position-left\"><\/i><span>Can I transfer my membership?<\/span><\/a><\/p><\/div><div id=\"1658923313604-2-1\" class=\"panel-collapse collapse\"><div class=\"panel-body wpb_accordion_content ui-accordion-content half-internal-gutter single-block-padding\">\n\t\t\t\t\t\t<div class=\"uncode_text_column\" ><p>In exceptional cases we can transfer your membership to another person. Please fill out our contact form and describe your situation.<\/p>\n<\/div><span class=\"btn-container\" ><a role=\"button\"  href=\"https:\/\/www.zanshin-dojo.de\/en\/vertrag\/#kontakt\" class=\"custom-link btn border-width-0 btn-color-182181 btn-icon-left\" title=\"Vertrag\">Contact form<\/a><\/span><\/div><\/div><\/div><div class=\"panel panel-default wpb_accordion_section group\"><div class=\"panel-heading wpb_accordion_header ui-accordion-header\"><p class=\"panel-title font-weight- text-   icon-size-rg\"><a data-toggle=\"collapse\" data-parent=\"#accordion_281211262\" href=\"#1659102510774-3-9\"><i class=\"fa fa-plus icon-position-left\"><\/i><span>Ich m\u00f6chte regul\u00e4r k\u00fcndigen<\/span><\/a><\/p><\/div><div id=\"1659102510774-3-9\" class=\"panel-collapse collapse\"><div class=\"panel-body wpb_accordion_content ui-accordion-content half-internal-gutter single-block-padding\">\n\t\t\t\t\t\t<span class=\"btn-container\" ><a role=\"button\"  href=\"https:\/\/public.magicline.com\/#\/contractTermination?tenant=zanshin&studio=1210005170\" class=\"custom-link btn border-width-0 btn-color-182181 btn-icon-left\" title=\"Vertrag\">Zum K\u00fcndigungsformular<\/a><\/span><\/div><\/div><\/div>\n\t\t<\/div><\/div><\/div><\/div><\/div><\/div><\/div><script id=\"script-row-unique-2\" data-row=\"script-row-unique-2\" type=\"text\/javascript\" class=\"vc_controls\">UNCODE.initRow(document.getElementById(\"row-unique-2\"));<\/script><\/div><\/div><\/div><div data-parent=\"true\" class=\"vc_row style-color-lxmt-bg row-container onepage-section\" data-label=\"#kontakt\" data-name=\"kontakt\" id=\"row-unique-3\"><div class=\"row triple-top-padding single-bottom-padding single-h-padding limit-width row-parent\"><div class=\"wpb_row row-inner\"><div class=\"wpb_column pos-top pos-center align_center column_parent col-lg-12 single-internal-gutter\"><div class=\"uncol style-light\"  ><div class=\"uncoltable\"><div class=\"uncell\" ><div class=\"uncont no-block-padding col-custom-width\" style=\" max-width:900px;\" ><div class=\"vc_row row-internal row-container\"><div class=\"row row-child\"><div class=\"wpb_row row-inner\"><div class=\"wpb_column pos-top pos-center align_center column_child col-lg-12 single-internal-gutter\"><div class=\"uncol style-light\" ><div class=\"uncoltable\"><div class=\"uncell no-block-padding\" ><div class=\"uncont\" style=\" max-width:600px;\" ><div class=\"vc_custom_heading_wrap\"><div class=\"heading-text el-text\" ><h3 class=\"h1\" ><span>Contact form<\/span><\/h3><div class=\"text-top-reduced\"><p>F\u00fclle einfach das Kontaktformular mit deinem Anliegen aus und wir senden dir eine alle weitere Informationen zu.<\/p>\n<\/div><\/div><div class=\"clear\"><\/div><\/div><\/div><\/div><\/div><\/div><\/div><\/div><\/div><\/div>\n<div class=\"wpcf7 no-js\" id=\"wpcf7-f90961-o1\" lang=\"en-US\" dir=\"ltr\" data-wpcf7-id=\"90961\">\n<div class=\"screen-reader-response\"><p role=\"status\" aria-live=\"polite\" aria-atomic=\"true\"><\/p> <ul><\/ul><\/div>\n<form action=\"\/en\/wp-json\/wp\/v2\/pages\/90945#wpcf7-f90961-o1\" method=\"post\" class=\"wpcf7-form init\" aria-label=\"Contact form\" novalidate=\"novalidate\" data-status=\"init\" data-trp-original-action=\"\/en\/wp-json\/wp\/v2\/pages\/90945#wpcf7-f90961-o1\">\n<fieldset class=\"hidden-fields-container\"><input type=\"hidden\" name=\"_wpcf7\" value=\"90961\" \/><input type=\"hidden\" name=\"_wpcf7_version\" value=\"6.1.1\" \/><input type=\"hidden\" name=\"_wpcf7_locale\" value=\"en_US\" \/><input type=\"hidden\" name=\"_wpcf7_unit_tag\" value=\"wpcf7-f90961-o1\" \/><input type=\"hidden\" name=\"_wpcf7_container_post\" value=\"0\" \/><input type=\"hidden\" name=\"_wpcf7_posted_data_hash\" value=\"\" \/>\n<\/fieldset>\n<p><span class=\"wpcf7-form-control-wrap\" data-name=\"your-fullname\"><input size=\"40\" maxlength=\"400\" class=\"wpcf7-form-control wpcf7-text wpcf7-validates-as-required form-fluid\" aria-required=\"true\" aria-invalid=\"false\" placeholder=\"First and Last Name\" value=\"\" type=\"text\" name=\"your-fullname\" \/><\/span>\n<\/p>\n<div class=\"wpcf7-inline-wrapper\">\n\t<p class=\"wpcf7-inline-field\"><span class=\"wpcf7-form-control-wrap\" data-name=\"your-email\"><input size=\"40\" maxlength=\"400\" class=\"wpcf7-form-control wpcf7-email wpcf7-validates-as-required wpcf7-text wpcf7-validates-as-email\" aria-required=\"true\" aria-invalid=\"false\" placeholder=\"Email\" value=\"\" type=\"email\" name=\"your-email\" \/><\/span>\n\t<\/p>\n\t<p class=\"wpcf7-inline-field\"><span class=\"wpcf7-form-control-wrap\" data-name=\"your-telephone\"><input size=\"40\" maxlength=\"400\" class=\"wpcf7-form-control wpcf7-text form-fluid\" aria-invalid=\"false\" placeholder=\"Phone number\" value=\"\" type=\"text\" name=\"your-telephone\" \/><\/span>\n\t<\/p>\n<\/div>\n<p><span class=\"wpcf7-form-control-wrap\" data-name=\"your-message\"><textarea cols=\"40\" rows=\"8\" maxlength=\"2000\" class=\"wpcf7-form-control wpcf7-textarea\" aria-invalid=\"false\" placeholder=\"Please describe your request as precisely as possible\" name=\"your-message\"><\/textarea><\/span>\n<\/p>\n<p><span class=\"wpcf7-form-control-wrap\" data-name=\"acceptance-800\"><span class=\"wpcf7-form-control wpcf7-acceptance\"><span class=\"wpcf7-list-item\"><label><input type=\"checkbox\" name=\"acceptance-800\" value=\"1\" aria-invalid=\"false\" \/><span class=\"wpcf7-list-item-label\">I consent to the storage and processing of my data in accordance with the data protection declaration.<\/span><\/label><\/span><\/span><\/span>\n<\/p>\n<p><input class=\"wpcf7-form-control wpcf7-submit has-spinner btn btn-accent\" type=\"submit\" value=\"Send now\" \/>\n<\/p><div class=\"wpcf7-response-output\" aria-hidden=\"true\"><\/div>\n<input type=\"hidden\" name=\"trp-form-language\" value=\"en\"\/><\/form>\n<\/div>\n<\/div><\/div><\/div><\/div><\/div><script id=\"script-row-unique-3\" data-row=\"script-row-unique-3\" type=\"text\/javascript\" class=\"vc_controls\">UNCODE.initRow(document.getElementById(\"row-unique-3\"));<\/script><\/div><\/div><\/div>\n<\/div>","protected":false},"excerpt":{"rendered":"Deine&nbsp;Mitgliedschaft Schade, dass du uns verlassen m\u00f6chtest!Wir m\u00f6chten, dass du zufrieden bist. Wusstest du schon, dass es andere Alternativen zu [...]","protected":false},"author":3,"featured_media":0,"parent":45653,"menu_order":0,"comment_status":"closed","ping_status":"closed","template":"","meta":{"footnotes":""},"class_list":["post-90945","page","type-page","status-publish","hentry"],"_links":{"self":[{"href":"https:\/\/www.zanshin-dojo.de\/en\/wp-json\/wp\/v2\/pages\/90945","targetHints":{"allow":["GET"]}}],"collection":[{"href":"https:\/\/www.zanshin-dojo.de\/en\/wp-json\/wp\/v2\/pages"}],"about":[{"href":"https:\/\/www.zanshin-dojo.de\/en\/wp-json\/wp\/v2\/types\/page"}],"author":[{"embeddable":true,"href":"https:\/\/www.zanshin-dojo.de\/en\/wp-json\/wp\/v2\/users\/3"}],"replies":[{"embeddable":true,"href":"https:\/\/www.zanshin-dojo.de\/en\/wp-json\/wp\/v2\/comments?post=90945"}],"version-history":[{"count":18,"href":"https:\/\/www.zanshin-dojo.de\/en\/wp-json\/wp\/v2\/pages\/90945\/revisions"}],"predecessor-version":[{"id":95467,"href":"https:\/\/www.zanshin-dojo.de\/en\/wp-json\/wp\/v2\/pages\/90945\/revisions\/95467"}],"up":[{"embeddable":true,"href":"https:\/\/www.zanshin-dojo.de\/en\/wp-json\/wp\/v2\/pages\/45653"}],"wp:attachment":[{"href":"https:\/\/www.zanshin-dojo.de\/en\/wp-json\/wp\/v2\/media?parent=90945"}],"curies":[{"name":"wp","href":"https:\/\/api.w.org\/{rel}","templated":true}]}}