{"id":90926,"date":"2022-07-29T13:07:00","date_gmt":"2022-07-29T13:07:00","guid":{"rendered":"https:\/\/www.zanshin-dojo.de\/?page_id=90926"},"modified":"2025-07-10T15:36:26","modified_gmt":"2025-07-10T15:36:26","slug":"training-fuer-kinder","status":"publish","type":"page","link":"https:\/\/www.zanshin-dojo.de\/en\/faq\/training-fuer-kinder\/","title":{"rendered":"Training for children"},"content":{"rendered":"<div class=\"wpb-content-wrapper\"><div data-parent=\"true\" class=\"vc_row style-color-182181-bg row-container\" id=\"row-unique-0\"><div class=\"row-background background-element\">\n\t\t\t\t\t\t\t\t\t\t\t<div class=\"background-wrapper\">\n\t\t\t\t\t\t\t\t\t\t\t\t<div class=\"background-inner\" style=\"background-image: url(https:\/\/www.zanshin-dojo.de\/wp-content\/uploads\/2020\/10\/Banner_kinder_kampfsport_akrobatik.jpg);background-repeat: no-repeat;background-position: center center;background-attachment: scroll;background-size: cover;\"><\/div>\n\t\t\t\t\t\t\t\t\t\t\t\t<div class=\"block-bg-overlay style-color-182181-bg\" style=\"opacity: 0;\"><\/div>\n\t\t\t\t\t\t\t\t\t\t\t<\/div>\n\t\t\t\t\t\t\t\t\t\t<\/div><div class=\"row double-top-padding double-bottom-padding single-h-padding full-width row-parent\" data-height-ratio=\"32\"><div class=\"wpb_row row-inner\"><div class=\"wpb_column pos-middle pos-center align_center column_parent col-lg-12 half-internal-gutter\"><div class=\"uncol style-dark\"  ><div class=\"uncoltable\"><div class=\"uncell no-block-padding\" ><div class=\"uncont\" ><div class=\"vc_custom_heading_wrap\"><div class=\"heading-text el-text heading-lines\" ><h1 class=\"fontsize-155944 fontheight-179065 fontspace-111509 font-weight-800 text-uppercase font-obs\" data-font=\"\"><i><span class=\"heading-text-inner\"><span class=\"heading-text-highlight\" data-atts='{\"bg\":\"style-color-632047-bg\",\"height\":\"7%\",\"offset\":\"0.11em\",\"opacity\":\"1\"}'><span class=\"split-word word1\"><span class=\"split-word-flow\"><span class=\"split-word-inner\">Training<\/span><\/span><\/span><span class=\"split-word word2\"><span class=\"split-word-flow\"><span class=\"split-word-inner split-empty-inner\"><span class=\"split-word-empty\">&nbsp;<\/span>for<\/span><\/span><\/span><span class=\"split-word word3\"><span class=\"split-word-flow\"><span class=\"split-word-inner split-empty-inner\"><span class=\"split-word-empty\">&nbsp;<\/span>Kids<\/span><\/span><\/span><\/span><\/span><\/i><\/h1><\/div><div class=\"clear\"><\/div><\/div><\/div><\/div><\/div><\/div><\/div><script id=\"script-row-unique-0\" data-row=\"script-row-unique-0\" type=\"text\/javascript\" class=\"vc_controls\">UNCODE.initRow(document.getElementById(\"row-unique-0\"));<\/script><\/div><\/div><\/div><div data-parent=\"true\" class=\"vc_row style-color-lxmt-bg row-container\" id=\"row-unique-1\"><div class=\"row double-top-padding double-bottom-padding single-h-padding limit-width row-parent\"><div class=\"wpb_row row-inner\"><div class=\"wpb_column pos-top pos-center align_left column_parent col-lg-12 single-internal-gutter\"><div class=\"uncol style-light\"  ><div class=\"uncoltable\"><div class=\"uncell no-block-padding\" ><div class=\"uncont\" ><div class=\"vc_custom_heading_wrap\"><div class=\"heading-text el-text\" ><div class=\"h2\" ><span>Nice to have you here!<\/span><\/div><div><p>We have summarized the most frequently asked questions regarding the training sessions for children for you. If you have any other questions that we have not answered here, please feel free to fill out our contact form below. We look forward to hearing from you!<\/p>\n<\/div><\/div><div class=\"clear\"><\/div><\/div><\/div><\/div><\/div><\/div><\/div><script id=\"script-row-unique-1\" data-row=\"script-row-unique-1\" type=\"text\/javascript\" class=\"vc_controls\">UNCODE.initRow(document.getElementById(\"row-unique-1\"));<\/script><\/div><\/div><\/div><div data-parent=\"true\" class=\"vc_row row-container\" id=\"row-unique-2\"><div class=\"row double-top-padding double-bottom-padding single-h-padding limit-width row-parent\"><div class=\"wpb_row row-inner\"><div class=\"wpb_column pos-top pos-center align_left column_parent col-lg-12 single-internal-gutter\"><div class=\"uncol style-light\"  ><div class=\"uncoltable\"><div class=\"uncell no-block-padding\" ><div class=\"uncont\" ><div class=\"uncode-accordion wpb_accordion wpb_content_element  sign-size-rg w-border\" data-collapsible=\"no\" data-target=\"\" data-active-tab=\"0\" >\n\t\t<div class=\"panel-group wpb_wrapper wpb_accordion_wrapper\" id=\"accordion_431421434\" data-no-toggle=\"\">\n\n<div class=\"panel panel-default wpb_accordion_section group\"><div class=\"panel-heading wpb_accordion_header ui-accordion-header\"><p class=\"panel-title font-weight- text-   icon-size-rg\"><a data-toggle=\"collapse\" data-parent=\"#accordion_431421434\" href=\"#1658922921-1-10\"><i class=\"fa fa-plus icon-position-left\"><\/i><span>What martial arts\/sports are offered for children?<\/span><\/a><\/p><\/div><div id=\"1658922921-1-10\" class=\"panel-collapse collapse\"><div class=\"panel-body wpb_accordion_content ui-accordion-content half-internal-gutter single-block-padding\">\n\t\t\t\t\t\t<div class=\"uncode_text_column\" ><\/p>\n<ul>\n<li>Budoturnen: 3+4 Jahre<\/li>\n<li>Kickboxen: 4-13 Jahre<\/li>\n<li>Ju-Jutsu: 4-13 Jahre<\/li>\n<li>Brazilian Jiu-Jitsu: 5-13 Jahre<\/li>\n<li>Akrobatik: 5-13 Jahre<\/li>\n<\/ul>\n<p>\n<\/div><\/div><\/div><\/div><div class=\"panel panel-default wpb_accordion_section group\"><div class=\"panel-heading wpb_accordion_header ui-accordion-header\"><p class=\"panel-title font-weight- text-   icon-size-rg\"><a data-toggle=\"collapse\" data-parent=\"#accordion_431421434\" href=\"#1658922921-2-90\"><i class=\"fa fa-plus icon-position-left\"><\/i><span>Does the training also take place during the school holidays?<\/span><\/a><\/p><\/div><div id=\"1658922921-2-90\" class=\"panel-collapse collapse\"><div class=\"panel-body wpb_accordion_content ui-accordion-content half-internal-gutter single-block-padding\">\n\t\t\t\t\t\t<div class=\"uncode_text_column\" ><p>Yes, the training also takes place during the school vacations. We always follow the official Hamburg school vacations. You can find the vacation training schedule on our <a href=\"https:\/\/www.zanshin-dojo.de\/en\/trainingsplan-kinder\/\">Trainingsplanseite<\/a> to download as a PDF file.<\/p>\n<\/div><\/div><\/div><\/div><div class=\"panel panel-default wpb_accordion_section group\"><div class=\"panel-heading wpb_accordion_header ui-accordion-header\"><p class=\"panel-title font-weight- text-   icon-size-rg\"><a data-toggle=\"collapse\" data-parent=\"#accordion_431421434\" href=\"#1658923313604-2-1\"><i class=\"fa fa-plus icon-position-left\"><\/i><span>In which sports can children take a belt exam?<\/span><\/a><\/p><\/div><div id=\"1658923313604-2-1\" class=\"panel-collapse collapse\"><div class=\"panel-body wpb_accordion_content ui-accordion-content half-internal-gutter single-block-padding\">\n\t\t\t\t\t\t<div class=\"uncode_text_column\" ><p>Every six months, children can take a belt exam in Ju-Jutsu, Kickboxing and Brazilian Jiu-Jitsu.<\/p>\n<\/div><\/div><\/div><\/div><div class=\"panel panel-default wpb_accordion_section group\"><div class=\"panel-heading wpb_accordion_header ui-accordion-header\"><p class=\"panel-title font-weight- text-   icon-size-rg\"><a data-toggle=\"collapse\" data-parent=\"#accordion_431421434\" href=\"#1658923400191-3-2\"><i class=\"fa fa-plus icon-position-left\"><\/i><span>Does the membership change from Budo to Kinder automatically?<\/span><\/a><\/p><\/div><div id=\"1658923400191-3-2\" class=\"panel-collapse collapse\"><div class=\"panel-body wpb_accordion_content ui-accordion-content half-internal-gutter single-block-padding\">\n\t\t\t\t\t\t<div class=\"uncode_text_column\" ><p><span style=\"font-weight: 400;\">The change of membership is not automatic. Please check in with us at the counter once your child turns five so we can complete a membership change.<\/span><\/p>\n<\/div><\/div><\/div><\/div>\n\t\t<\/div><\/div><\/div><\/div><\/div><\/div><\/div><script id=\"script-row-unique-2\" data-row=\"script-row-unique-2\" type=\"text\/javascript\" class=\"vc_controls\">UNCODE.initRow(document.getElementById(\"row-unique-2\"));<\/script><\/div><\/div><\/div><div data-parent=\"true\" class=\"vc_row row-container\" id=\"row-unique-3\"><div class=\"row single-top-padding single-bottom-padding single-h-padding limit-width row-parent\"><div class=\"wpb_row row-inner\"><div class=\"wpb_column pos-top pos-center align_left column_parent col-lg-12 single-internal-gutter\"><div class=\"uncol style-light\"  ><div class=\"uncoltable\"><div class=\"uncell no-block-padding\" ><div class=\"uncont\" ><div class=\"vc_custom_heading_wrap\"><div class=\"heading-text el-text\" ><div class=\"h3\" ><span>What equipment do I need for the courses?<\/span><\/div><\/div><div class=\"clear\"><\/div><\/div><div class=\"uncode-tabs wpb_content_element\" data-interval=\"\"  data-target=\"\"><div class=\"uncode-wrapper tab-container\"><div class=\"vc_tta-tabs-container\"><ul class=\"nav nav-tabs wpb_tabs_nav ui-tabs-nav vc_tta-tabs-list text-center\"><li data-tab-id=\"tab-1659100076-1-75\" data-tab-o-id=\"1659100076-1-75\" class=\"vc_tta-tab active\"><a href=\"#tab-1659100076-1-75\" data-toggle=\"tab\"><span><span><span class=\"\">Ju-Jutsu<\/span><\/span><\/span><\/a><\/li><li data-tab-id=\"tab-1659100076-2-61\" data-tab-o-id=\"1659100076-2-61\" class=\"vc_tta-tab\"><a href=\"#tab-1659100076-2-61\" data-toggle=\"tab\"><span><span><span class=\"\">Kickboxing<\/span><\/span><\/span><\/a><\/li><li data-tab-id=\"tab-1659100644611-2-6\" data-tab-o-id=\"1659100644611-2-6\" class=\"vc_tta-tab\"><a href=\"#tab-1659100644611-2-6\" data-toggle=\"tab\"><span><span><span class=\"\">Ju-Jutsu Fighting<\/span><\/span><\/span><\/a><\/li><li data-tab-id=\"tab-1659100657395-3-2\" data-tab-o-id=\"1659100657395-3-2\" class=\"vc_tta-tab\"><a href=\"#tab-1659100657395-3-2\" data-toggle=\"tab\"><span><span><span class=\"\">Brazilian Jiu-Jitsu<\/span><\/span><\/span><\/a><\/li><li data-tab-id=\"tab-1659100688199-4-3\" data-tab-o-id=\"1659100688199-4-3\" class=\"vc_tta-tab\"><a href=\"#tab-1659100688199-4-3\" data-toggle=\"tab\"><span><span><span class=\"\">Weiteres<\/span><\/span><\/span><\/a><\/li><\/ul><\/div><div class=\"tab-content wpb_wrapper\"><div id=\"tab-1659100076-1-75\" class=\"tab-pane in active fade half-internal-gutter single-block-padding\"><div>\n\t\t\t\t<div class=\"uncode-wrapper uncode-list\" >\n<ul>\n<li>Anzug mit G\u00fcrtel<\/li>\n<li>M\u00e4dchen: wei\u00dfes T-Shirt<\/li>\n<li>Zahnschutz (ab 8 Jahre)<\/li>\n<li>Tiefschutz (ab 8 Jahre)<\/li>\n<li>Flip-Flops<\/li>\n<\/ul>\n<\/div><\/div><\/div><div id=\"tab-1659100076-2-61\" class=\"tab-pane fade half-internal-gutter single-block-padding\"><div>\n\t\t\t\t<div class=\"uncode-wrapper uncode-list\" >\n<ul>\n<li>Kickboxen Hose in schwarz<\/li>\n<li>Zanshin Dojo T-Shirt in schwarz<\/li>\n<li>Boxing gloves<\/li>\n<li>Zahnschutz<\/li>\n<li>G\u00fcrtel<\/li>\n<li>Schienbeinspannschutz<\/li>\n<li>Groin guard<\/li>\n<li>Kickbox-Pass<\/li>\n<li>Flip-Flops<\/li>\n<\/ul>\n<\/div><\/div><\/div><div id=\"tab-1659100644611-2-6\" class=\"tab-pane fade half-internal-gutter single-block-padding\"><div>\n\t\t\t\t<div class=\"uncode-wrapper uncode-list\" >\n<ul>\n<li>Anzug<\/li>\n<li>Fighting Handschuhe<\/li>\n<li>Fighting Schienbein-Spannschoner<\/li>\n<li>Zahnschutz<\/li>\n<li>Groin guard<\/li>\n<\/ul>\n<p><strong>F\u00fcr die Teilnahme an Turnieren &amp; Pr\u00fcfungen<\/strong><\/p>\n<ul>\n<li>Ju-Jutsu Pass<\/li>\n<li>Fighting Handschuhe und Schienbeinschoner in rot und blau<\/li>\n<li>G\u00fcrtel in rot und blau<\/li>\n<\/ul>\n<\/div><\/div><\/div><div id=\"tab-1659100657395-3-2\" class=\"tab-pane fade half-internal-gutter single-block-padding\"><div>\n\t\t\t\t<div class=\"uncode-wrapper uncode-list\" >\n<ul>\n<li>Gi<\/li>\n<li>Rashguard<\/li>\n<\/ul>\n<\/div><\/div><\/div><div id=\"tab-1659100688199-4-3\" class=\"tab-pane fade half-internal-gutter single-block-padding\"><div>\n\t\t\t\t<div class=\"uncode-wrapper uncode-list\" >\n<ul>\n<li>Die Nutzung der Spinds ist erst ab 14 Jahre m\u00f6glich<\/li>\n<li>Das Ausleihen von Equipment ist m\u00f6glich (geb\u00fchrenpflichtig)<\/li>\n<\/ul>\n<\/div><\/div><\/div><\/div><\/div><\/div><\/div><\/div><\/div><\/div><\/div><script id=\"script-row-unique-3\" data-row=\"script-row-unique-3\" type=\"text\/javascript\" class=\"vc_controls\">UNCODE.initRow(document.getElementById(\"row-unique-3\"));<\/script><\/div><\/div><\/div><div data-parent=\"true\" class=\"vc_row style-color-lxmt-bg row-container onepage-section\" data-label=\"#kontakt\" data-name=\"kontakt\" id=\"row-unique-4\"><div class=\"row single-top-padding single-bottom-padding single-h-padding limit-width row-parent\"><div class=\"wpb_row row-inner\"><div class=\"wpb_column pos-top pos-center align_center column_parent col-lg-12 single-internal-gutter\"><div class=\"uncol style-light\"  ><div class=\"uncoltable\"><div class=\"uncell\" ><div class=\"uncont no-block-padding col-custom-width\" style=\" max-width:900px;\" ><div class=\"vc_row row-internal row-container\"><div class=\"row row-child\"><div class=\"wpb_row row-inner\"><div class=\"wpb_column pos-top pos-center align_center column_child col-lg-12 single-internal-gutter\"><div class=\"uncol style-light\" ><div class=\"uncoltable\"><div class=\"uncell no-block-padding\" ><div class=\"uncont\" style=\" max-width:600px;\" ><div class=\"vc_custom_heading_wrap\"><div class=\"heading-text el-text\" ><h3 class=\"h3\" ><span>Further questions<\/span><\/h3><div class=\"text-top-reduced\"><p>Deine Antwort war nicht dabei? F\u00fcllen einfach das Kontaktformular aus und schildere uns dein Anliegen.<\/p>\n<\/div><\/div><div class=\"clear\"><\/div><\/div><\/div><\/div><\/div><\/div><\/div><\/div><\/div><\/div>\n<div class=\"wpcf7 no-js\" id=\"wpcf7-f90961-o1\" lang=\"en-US\" dir=\"ltr\" data-wpcf7-id=\"90961\">\n<div class=\"screen-reader-response\"><p role=\"status\" aria-live=\"polite\" aria-atomic=\"true\"><\/p> <ul><\/ul><\/div>\n<form action=\"\/en\/wp-json\/wp\/v2\/pages\/90926#wpcf7-f90961-o1\" method=\"post\" class=\"wpcf7-form init\" aria-label=\"Contact form\" novalidate=\"novalidate\" data-status=\"init\" data-trp-original-action=\"\/en\/wp-json\/wp\/v2\/pages\/90926#wpcf7-f90961-o1\">\n<fieldset class=\"hidden-fields-container\"><input type=\"hidden\" name=\"_wpcf7\" value=\"90961\" \/><input type=\"hidden\" name=\"_wpcf7_version\" value=\"6.1.1\" \/><input type=\"hidden\" name=\"_wpcf7_locale\" value=\"en_US\" \/><input type=\"hidden\" name=\"_wpcf7_unit_tag\" value=\"wpcf7-f90961-o1\" \/><input type=\"hidden\" name=\"_wpcf7_container_post\" value=\"0\" \/><input type=\"hidden\" name=\"_wpcf7_posted_data_hash\" value=\"\" \/>\n<\/fieldset>\n<p><span class=\"wpcf7-form-control-wrap\" data-name=\"your-fullname\"><input size=\"40\" maxlength=\"400\" class=\"wpcf7-form-control wpcf7-text wpcf7-validates-as-required form-fluid\" aria-required=\"true\" aria-invalid=\"false\" placeholder=\"First and Last Name\" value=\"\" type=\"text\" name=\"your-fullname\" \/><\/span>\n<\/p>\n<div class=\"wpcf7-inline-wrapper\">\n\t<p class=\"wpcf7-inline-field\"><span class=\"wpcf7-form-control-wrap\" data-name=\"your-email\"><input size=\"40\" maxlength=\"400\" class=\"wpcf7-form-control wpcf7-email wpcf7-validates-as-required wpcf7-text wpcf7-validates-as-email\" aria-required=\"true\" aria-invalid=\"false\" placeholder=\"Email\" value=\"\" type=\"email\" name=\"your-email\" \/><\/span>\n\t<\/p>\n\t<p class=\"wpcf7-inline-field\"><span class=\"wpcf7-form-control-wrap\" data-name=\"your-telephone\"><input size=\"40\" maxlength=\"400\" class=\"wpcf7-form-control wpcf7-text form-fluid\" aria-invalid=\"false\" placeholder=\"Phone number\" value=\"\" type=\"text\" name=\"your-telephone\" \/><\/span>\n\t<\/p>\n<\/div>\n<p><span class=\"wpcf7-form-control-wrap\" data-name=\"your-message\"><textarea cols=\"40\" rows=\"8\" maxlength=\"2000\" class=\"wpcf7-form-control wpcf7-textarea\" aria-invalid=\"false\" placeholder=\"Please describe your request as precisely as possible\" name=\"your-message\"><\/textarea><\/span>\n<\/p>\n<p><span class=\"wpcf7-form-control-wrap\" data-name=\"acceptance-800\"><span class=\"wpcf7-form-control wpcf7-acceptance\"><span class=\"wpcf7-list-item\"><label><input type=\"checkbox\" name=\"acceptance-800\" value=\"1\" aria-invalid=\"false\" \/><span class=\"wpcf7-list-item-label\">I consent to the storage and processing of my data in accordance with the data protection declaration.<\/span><\/label><\/span><\/span><\/span>\n<\/p>\n<p><input class=\"wpcf7-form-control wpcf7-submit has-spinner btn btn-accent\" type=\"submit\" value=\"Send now\" \/>\n<\/p><div class=\"wpcf7-response-output\" aria-hidden=\"true\"><\/div>\n<input type=\"hidden\" name=\"trp-form-language\" value=\"en\"\/><\/form>\n<\/div>\n<\/div><\/div><\/div><\/div><\/div><script id=\"script-row-unique-4\" data-row=\"script-row-unique-4\" type=\"text\/javascript\" class=\"vc_controls\">UNCODE.initRow(document.getElementById(\"row-unique-4\"));<\/script><\/div><\/div><\/div>\n<\/div>","protected":false},"excerpt":{"rendered":"Training&nbsp;f\u00fcr&nbsp;KinderSch\u00f6n, dass du hier bist!Wir haben die am h\u00e4ufigsten gestellten Fragen bez\u00fcglich der Trainingseinheiten f\u00fcr Kinder f\u00fcr dich zusammengefasst. Wenn [...]","protected":false},"author":3,"featured_media":0,"parent":45653,"menu_order":0,"comment_status":"closed","ping_status":"closed","template":"","meta":{"footnotes":""},"class_list":["post-90926","page","type-page","status-publish","hentry"],"_links":{"self":[{"href":"https:\/\/www.zanshin-dojo.de\/en\/wp-json\/wp\/v2\/pages\/90926","targetHints":{"allow":["GET"]}}],"collection":[{"href":"https:\/\/www.zanshin-dojo.de\/en\/wp-json\/wp\/v2\/pages"}],"about":[{"href":"https:\/\/www.zanshin-dojo.de\/en\/wp-json\/wp\/v2\/types\/page"}],"author":[{"embeddable":true,"href":"https:\/\/www.zanshin-dojo.de\/en\/wp-json\/wp\/v2\/users\/3"}],"replies":[{"embeddable":true,"href":"https:\/\/www.zanshin-dojo.de\/en\/wp-json\/wp\/v2\/comments?post=90926"}],"version-history":[{"count":16,"href":"https:\/\/www.zanshin-dojo.de\/en\/wp-json\/wp\/v2\/pages\/90926\/revisions"}],"predecessor-version":[{"id":97865,"href":"https:\/\/www.zanshin-dojo.de\/en\/wp-json\/wp\/v2\/pages\/90926\/revisions\/97865"}],"up":[{"embeddable":true,"href":"https:\/\/www.zanshin-dojo.de\/en\/wp-json\/wp\/v2\/pages\/45653"}],"wp:attachment":[{"href":"https:\/\/www.zanshin-dojo.de\/en\/wp-json\/wp\/v2\/media?parent=90926"}],"curies":[{"name":"wp","href":"https:\/\/api.w.org\/{rel}","templated":true}]}}