{"id":90797,"date":"2022-07-18T12:52:18","date_gmt":"2022-07-18T12:52:18","guid":{"rendered":"https:\/\/www.zanshin-dojo.de\/?page_id=90797"},"modified":"2022-08-08T13:16:17","modified_gmt":"2022-08-08T13:16:17","slug":"mitgliedschaft","status":"publish","type":"page","link":"https:\/\/www.zanshin-dojo.de\/en\/faq\/mitgliedschaft\/","title":{"rendered":"Membership"},"content":{"rendered":"<div class=\"wpb-content-wrapper\"><div data-parent=\"true\" class=\"vc_row style-color-182181-bg row-container\" id=\"row-unique-0\"><div class=\"row-background background-element\">\n\t\t\t\t\t\t\t\t\t\t\t<div class=\"background-wrapper\">\n\t\t\t\t\t\t\t\t\t\t\t\t<div class=\"background-inner\" style=\"background-image: url(https:\/\/www.zanshin-dojo.de\/wp-content\/uploads\/2021\/06\/faq-zanshin-dojo.jpg);background-repeat: no-repeat;background-position: center center;background-attachment: scroll;background-size: cover;\"><\/div>\n\t\t\t\t\t\t\t\t\t\t\t\t<div class=\"block-bg-overlay style-color-182181-bg\" style=\"opacity: 0;\"><\/div>\n\t\t\t\t\t\t\t\t\t\t\t<\/div>\n\t\t\t\t\t\t\t\t\t\t<\/div><div class=\"row double-top-padding double-bottom-padding single-h-padding full-width row-parent\" data-height-ratio=\"32\"><div class=\"wpb_row row-inner\"><div class=\"wpb_column pos-middle pos-center align_center column_parent col-lg-12 half-internal-gutter\"><div class=\"uncol style-dark\"  ><div class=\"uncoltable\"><div class=\"uncell no-block-padding\" ><div class=\"uncont\" ><div class=\"vc_custom_heading_wrap\"><div class=\"heading-text el-text heading-lines\" ><h1 class=\"fontsize-155944 fontheight-179065 fontspace-111509 font-weight-800 text-uppercase font-obs\" data-font=\"\"><i><span class=\"heading-text-inner\"><span class=\"heading-text-highlight\" data-atts='{\"bg\":\"style-color-632047-bg\",\"height\":\"7%\",\"offset\":\"0.11em\",\"opacity\":\"1\"}'><span class=\"split-word word1\"><span class=\"split-word-flow\"><span class=\"split-word-inner\">Membership<\/span><\/span><\/span><\/span><\/span><\/i><\/h1><\/div><div class=\"clear\"><\/div><\/div><\/div><\/div><\/div><\/div><\/div><script id=\"script-row-unique-0\" data-row=\"script-row-unique-0\" type=\"text\/javascript\" class=\"vc_controls\">UNCODE.initRow(document.getElementById(\"row-unique-0\"));<\/script><\/div><\/div><\/div><div data-parent=\"true\" class=\"vc_row style-color-lxmt-bg row-container\" id=\"row-unique-1\"><div class=\"row double-top-padding double-bottom-padding single-h-padding limit-width row-parent\"><div class=\"wpb_row row-inner\"><div class=\"wpb_column pos-top pos-center align_left column_parent col-lg-12 single-internal-gutter\"><div class=\"uncol style-light\"  ><div class=\"uncoltable\"><div class=\"uncell no-block-padding\" ><div class=\"uncont\" ><div class=\"vc_custom_heading_wrap\"><div class=\"heading-text el-text\" ><h2 class=\"h2\" ><span>Nice to have you here!<\/span><\/h2><div><p>We have summarized the most frequently asked questions regarding all membership-related topics such as modules, duration, renewals etc. for you. If you have any other questions that we have not answered here, please feel free to fill out our contact form below.<\/p>\n<\/div><\/div><div class=\"clear\"><\/div><\/div><\/div><\/div><\/div><\/div><\/div><script id=\"script-row-unique-1\" data-row=\"script-row-unique-1\" type=\"text\/javascript\" class=\"vc_controls\">UNCODE.initRow(document.getElementById(\"row-unique-1\"));<\/script><\/div><\/div><\/div><div data-parent=\"true\" class=\"vc_row row-container\" id=\"row-unique-2\"><div class=\"row double-top-padding exa-bottom-padding single-h-padding limit-width row-parent\"><div class=\"wpb_row row-inner\"><div class=\"wpb_column pos-top pos-center align_left column_parent col-lg-12 single-internal-gutter\"><div class=\"uncol style-light\"  ><div class=\"uncoltable\"><div class=\"uncell no-block-padding\" ><div class=\"uncont\" ><div class=\"uncode-accordion wpb_accordion wpb_content_element  sign-size-rg w-border\" data-collapsible=\"no\" data-target=\"\" data-active-tab=\"0\" >\n\t\t<div class=\"panel-group wpb_wrapper wpb_accordion_wrapper\" id=\"accordion_1225259475\" data-no-toggle=\"\">\n\n<div class=\"panel panel-default wpb_accordion_section group\"><div class=\"panel-heading wpb_accordion_header ui-accordion-header\"><p class=\"panel-title font-weight- text-   icon-size-rg\"><a data-toggle=\"collapse\" data-parent=\"#accordion_1225259475\" href=\"#1658923400191-3-2\"><i class=\"fa fa-plus icon-position-left\"><\/i><span>How long does my membership last?<\/span><\/a><\/p><\/div><div id=\"1658923400191-3-2\" class=\"panel-collapse collapse\"><div class=\"panel-body wpb_accordion_content ui-accordion-content half-internal-gutter single-block-padding\">\n\t\t\t\t\t\t<div class=\"uncode_text_column\" ><p>We will be happy to provide you with information about your current term. Simply fill out the contact form and let us know your question.<\/p>\n<\/div><span class=\"btn-container\" ><a role=\"button\"  href=\"https:\/\/www.zanshin-dojo.de\/en\/faq\/zahlungen\/#kontakt\" class=\"custom-link btn border-width-0 btn-color-182181 btn-icon-left\">Contact form<\/a><\/span><\/div><\/div><\/div><div class=\"panel panel-default wpb_accordion_section group\"><div class=\"panel-heading wpb_accordion_header ui-accordion-header\"><p class=\"panel-title font-weight- text-   icon-size-rg\"><a data-toggle=\"collapse\" data-parent=\"#accordion_1225259475\" href=\"#1658922921-1-10\"><i class=\"fa fa-plus icon-position-left\"><\/i><span>Do you have a student plan?<\/span><\/a><\/p><\/div><div id=\"1658922921-1-10\" class=\"panel-collapse collapse\"><div class=\"panel-body wpb_accordion_content ui-accordion-content half-internal-gutter single-block-padding\">\n\t\t\t\t\t\t<div class=\"uncode_text_column\" ><p>Yes, the membership for trainees\/students is discounted by 10\u20ac. We require a certificate in writing for the respective semester.<\/p>\n<\/div><\/div><\/div><\/div><div class=\"panel panel-default wpb_accordion_section group\"><div class=\"panel-heading wpb_accordion_header ui-accordion-header\"><p class=\"panel-title font-weight- text-   icon-size-rg\"><a data-toggle=\"collapse\" data-parent=\"#accordion_1225259475\" href=\"#1658923313604-2-1\"><i class=\"fa fa-plus icon-position-left\"><\/i><span>Can I extend my membership duration?<\/span><\/a><\/p><\/div><div id=\"1658923313604-2-1\" class=\"panel-collapse collapse\"><div class=\"panel-body wpb_accordion_content ui-accordion-content half-internal-gutter single-block-padding\">\n\t\t\t\t\t\t<div class=\"uncode_text_column\" ><p>Yes, we can change the term of your membership on the first of the next month. Please fill out the contact form below.<\/p>\n<\/div><span class=\"btn-container\" ><a role=\"button\"  href=\"https:\/\/www.zanshin-dojo.de\/en\/faq\/zahlungen\/#kontakt\" class=\"custom-link btn border-width-0 btn-color-182181 btn-icon-left\">Contact form<\/a><\/span><\/div><\/div><\/div><div class=\"panel panel-default wpb_accordion_section group\"><div class=\"panel-heading wpb_accordion_header ui-accordion-header\"><p class=\"panel-title font-weight- text-   icon-size-rg\"><a data-toggle=\"collapse\" data-parent=\"#accordion_1225259475\" href=\"#1658923435235-4-2\"><i class=\"fa fa-plus icon-position-left\"><\/i><span>Does my membership renew automatically?<\/span><\/a><\/p><\/div><div id=\"1658923435235-4-2\" class=\"panel-collapse collapse\"><div class=\"panel-body wpb_accordion_content ui-accordion-content half-internal-gutter single-block-padding\">\n\t\t\t\t\t\t<div class=\"uncode_text_column\" ><p>Your membership will be automatically renewed depending on the membership duration if we will not get a cancellation in due time.<\/p>\n<\/div><\/div><\/div><\/div><div class=\"panel panel-default wpb_accordion_section group\"><div class=\"panel-heading wpb_accordion_header ui-accordion-header\"><p class=\"panel-title font-weight- text-   icon-size-rg\"><a data-toggle=\"collapse\" data-parent=\"#accordion_1225259475\" href=\"#1658922921-2-90\"><i class=\"fa fa-plus icon-position-left\"><\/i><span>I would like to book another module.<\/span><\/a><\/p><\/div><div id=\"1658922921-2-90\" class=\"panel-collapse collapse\"><div class=\"panel-body wpb_accordion_content ui-accordion-content half-internal-gutter single-block-padding\">\n\t\t\t\t\t\t<div class=\"uncode_text_column\" ><p>You are welcome to book an additional module with us. Just fill out the contact form and let us know which module you would like to book. You can choose between the modules \"Martial Arts\", \"Functional Training &amp; Fitness\" and \"Brazilian Jiu-Jitsu\". We will prepare your membership, which you can then check at your next check-in.<\/p>\n<\/div><\/div><\/div><\/div><div class=\"panel panel-default wpb_accordion_section group\"><div class=\"panel-heading wpb_accordion_header ui-accordion-header\"><p class=\"panel-title font-weight- text-   icon-size-rg\"><a data-toggle=\"collapse\" data-parent=\"#accordion_1225259475\" href=\"#1658923561996-5-6\"><i class=\"fa fa-plus icon-position-left\"><\/i><span>Does the membership change from Budo to Kinder automatically?<\/span><\/a><\/p><\/div><div id=\"1658923561996-5-6\" class=\"panel-collapse collapse\"><div class=\"panel-body wpb_accordion_content ui-accordion-content half-internal-gutter single-block-padding\">\n\t\t\t\t\t\t<div class=\"uncode_text_column\" ><p>The change of membership is not automatic. Please check in with us at the counter once your child turns five so we can complete a membership change.<\/p>\n<\/div><\/div><\/div><\/div><div class=\"panel panel-default wpb_accordion_section group\"><div class=\"panel-heading wpb_accordion_header ui-accordion-header\"><p class=\"panel-title font-weight- text-   icon-size-rg\"><a data-toggle=\"collapse\" data-parent=\"#accordion_1225259475\" href=\"#1658927095231-6-8\"><i class=\"fa fa-plus icon-position-left\"><\/i><span>Can I transfer my membership?<\/span><\/a><\/p><\/div><div id=\"1658927095231-6-8\" class=\"panel-collapse collapse\"><div class=\"panel-body wpb_accordion_content ui-accordion-content half-internal-gutter single-block-padding\">\n\t\t\t\t\t\t<div class=\"uncode_text_column\" ><p>In exceptional cases we can transfer your membership to another person. Please fill out our contact form and describe your situation.<\/p>\n<\/div><\/div><\/div><\/div><div class=\"panel panel-default wpb_accordion_section group\"><div class=\"panel-heading wpb_accordion_header ui-accordion-header\"><p class=\"panel-title font-weight- text-   icon-size-rg\"><a data-toggle=\"collapse\" data-parent=\"#accordion_1225259475\" href=\"#1658927108969-7-5\"><i class=\"fa fa-plus icon-position-left\"><\/i><span>Can I cancel my membership earlier if I move?<\/span><\/a><\/p><\/div><div id=\"1658927108969-7-5\" class=\"panel-collapse collapse\"><div class=\"panel-body wpb_accordion_content ui-accordion-content half-internal-gutter single-block-padding\">\n\t\t\t\t\t\t<div class=\"uncode_text_column\" ><p>If you move more than 30km away from our studio, we grant you a special right of termination. Please send us proof in the form of a certificate of relocation or a rental agreement.<\/p>\n<\/div><\/div><\/div><\/div><div class=\"panel panel-default wpb_accordion_section group\"><div class=\"panel-heading wpb_accordion_header ui-accordion-header\"><p class=\"panel-title font-weight- text-   icon-size-rg\"><a data-toggle=\"collapse\" data-parent=\"#accordion_1225259475\" href=\"#1658927131012-8-6\"><i class=\"fa fa-plus icon-position-left\"><\/i><span>Can I pause my membership?<\/span><\/a><\/p><\/div><div id=\"1658927131012-8-6\" class=\"panel-collapse collapse\"><div class=\"panel-body wpb_accordion_content ui-accordion-content half-internal-gutter single-block-padding\">\n\t\t\t\t\t\t<div class=\"uncode_text_column\" ><p>If you are absent for more than one month, we can suspend your membership due to professional absence with a confirmation from your employer or due to an injury with a medical certificate.<\/p>\n<\/div><\/div><\/div><\/div><div class=\"panel panel-default wpb_accordion_section group\"><div class=\"panel-heading wpb_accordion_header ui-accordion-header\"><p class=\"panel-title font-weight- text-   icon-size-rg\"><a data-toggle=\"collapse\" data-parent=\"#accordion_1225259475\" href=\"#1658927344568-9-8\"><i class=\"fa fa-plus icon-position-left\"><\/i><span>What is the notice period?<\/span><\/a><\/p><\/div><div id=\"1658927344568-9-8\" class=\"panel-collapse collapse\"><div class=\"panel-body wpb_accordion_content ui-accordion-content half-internal-gutter single-block-padding\">\n\t\t\t\t\t\t<div class=\"uncode_text_column\" ><p>If you have a membership that was concluded before 01.03.2022, your notice period is at least 12 weeks to the end of the basic term for a 12- or 24-month membership, 8 weeks for a 6-month membership and 4 weeks for a 1-month membership. If you have a membership that was concluded after 01.03.2022, your notice period is at least one month to the end of the basic term. <\/p>\n<\/div><\/div><\/div><\/div><div class=\"panel panel-default wpb_accordion_section group\"><div class=\"panel-heading wpb_accordion_header ui-accordion-header\"><p class=\"panel-title font-weight- text-   icon-size-rg\"><a data-toggle=\"collapse\" data-parent=\"#accordion_1225259475\" href=\"#1658927377661-10-0\"><i class=\"fa fa-plus icon-position-left\"><\/i><span>How can I cancel my membership?<\/span><\/a><\/p><\/div><div id=\"1658927377661-10-0\" class=\"panel-collapse collapse\"><div class=\"panel-body wpb_accordion_content ui-accordion-content half-internal-gutter single-block-padding\">\n\t\t\t\t\t\t<div class=\"uncode_text_column\" ><p>We are sad to hear that you want to leave us. The following button will take you to the cancellation area. <\/p>\n<\/div><span class=\"btn-container\" ><a role=\"button\"  href=\"https:\/\/www.zanshin-dojo.de\/en\/faq\/vertrag\/\" class=\"custom-link btn border-width-0 btn-color-182181 btn-icon-left\" title=\"Vertrag\">Cancel contract<\/a><\/span><\/div><\/div><\/div>\n\t\t<\/div><\/div><\/div><\/div><\/div><\/div><\/div><script id=\"script-row-unique-2\" data-row=\"script-row-unique-2\" type=\"text\/javascript\" class=\"vc_controls\">UNCODE.initRow(document.getElementById(\"row-unique-2\"));<\/script><\/div><\/div><\/div><div data-parent=\"true\" class=\"vc_row style-color-lxmt-bg vc_custom_1658924130752 row-container onepage-section\" data-label=\"#kontakt\" data-name=\"kontakt\" style=\"margin-top: -110px ;\" id=\"row-unique-3\"><div class=\"row triple-top-padding single-bottom-padding single-h-padding limit-width row-parent\"><div class=\"wpb_row row-inner\"><div class=\"wpb_column pos-top pos-center align_center column_parent col-lg-12 single-internal-gutter\"><div class=\"uncol style-light\"  ><div class=\"uncoltable\"><div class=\"uncell\" ><div class=\"uncont no-block-padding col-custom-width\" style=\" max-width:900px;\" ><div class=\"vc_row row-internal row-container\"><div class=\"row row-child\"><div class=\"wpb_row row-inner\"><div class=\"wpb_column pos-top pos-center align_center column_child col-lg-12 single-internal-gutter\"><div class=\"uncol style-light\" ><div class=\"uncoltable\"><div class=\"uncell no-block-padding\" ><div class=\"uncont\" style=\" max-width:600px;\" ><div class=\"vc_custom_heading_wrap\"><div class=\"heading-text el-text\" ><h3 class=\"h1\" ><span>Further questions<\/span><\/h3><div class=\"text-top-reduced\"><p>Do you still have questions that have not been answered? Just fill out the contact form and we will get back to you.<\/p>\n<\/div><\/div><div class=\"clear\"><\/div><\/div><\/div><\/div><\/div><\/div><\/div><\/div><\/div><\/div>\n<div class=\"wpcf7 no-js\" id=\"wpcf7-f90961-o1\" lang=\"en-US\" dir=\"ltr\" data-wpcf7-id=\"90961\">\n<div class=\"screen-reader-response\"><p role=\"status\" aria-live=\"polite\" aria-atomic=\"true\"><\/p> <ul><\/ul><\/div>\n<form action=\"\/en\/wp-json\/wp\/v2\/pages\/90797#wpcf7-f90961-o1\" method=\"post\" class=\"wpcf7-form init\" aria-label=\"Contact form\" novalidate=\"novalidate\" data-status=\"init\" data-trp-original-action=\"\/en\/wp-json\/wp\/v2\/pages\/90797#wpcf7-f90961-o1\">\n<fieldset class=\"hidden-fields-container\"><input type=\"hidden\" name=\"_wpcf7\" value=\"90961\" \/><input type=\"hidden\" name=\"_wpcf7_version\" value=\"6.1.1\" \/><input type=\"hidden\" name=\"_wpcf7_locale\" value=\"en_US\" \/><input type=\"hidden\" name=\"_wpcf7_unit_tag\" value=\"wpcf7-f90961-o1\" \/><input type=\"hidden\" name=\"_wpcf7_container_post\" value=\"0\" \/><input type=\"hidden\" name=\"_wpcf7_posted_data_hash\" value=\"\" \/>\n<\/fieldset>\n<p><span class=\"wpcf7-form-control-wrap\" data-name=\"your-fullname\"><input size=\"40\" maxlength=\"400\" class=\"wpcf7-form-control wpcf7-text wpcf7-validates-as-required form-fluid\" aria-required=\"true\" aria-invalid=\"false\" placeholder=\"First and Last Name\" value=\"\" type=\"text\" name=\"your-fullname\" \/><\/span>\n<\/p>\n<div class=\"wpcf7-inline-wrapper\">\n\t<p class=\"wpcf7-inline-field\"><span class=\"wpcf7-form-control-wrap\" data-name=\"your-email\"><input size=\"40\" maxlength=\"400\" class=\"wpcf7-form-control wpcf7-email wpcf7-validates-as-required wpcf7-text wpcf7-validates-as-email\" aria-required=\"true\" aria-invalid=\"false\" placeholder=\"Email\" value=\"\" type=\"email\" name=\"your-email\" \/><\/span>\n\t<\/p>\n\t<p class=\"wpcf7-inline-field\"><span class=\"wpcf7-form-control-wrap\" data-name=\"your-telephone\"><input size=\"40\" maxlength=\"400\" class=\"wpcf7-form-control wpcf7-text form-fluid\" aria-invalid=\"false\" placeholder=\"Phone number\" value=\"\" type=\"text\" name=\"your-telephone\" \/><\/span>\n\t<\/p>\n<\/div>\n<p><span class=\"wpcf7-form-control-wrap\" data-name=\"your-message\"><textarea cols=\"40\" rows=\"8\" maxlength=\"2000\" class=\"wpcf7-form-control wpcf7-textarea\" aria-invalid=\"false\" placeholder=\"Please describe your request as precisely as possible\" name=\"your-message\"><\/textarea><\/span>\n<\/p>\n<p><span class=\"wpcf7-form-control-wrap\" data-name=\"acceptance-800\"><span class=\"wpcf7-form-control wpcf7-acceptance\"><span class=\"wpcf7-list-item\"><label><input type=\"checkbox\" name=\"acceptance-800\" value=\"1\" aria-invalid=\"false\" \/><span class=\"wpcf7-list-item-label\">I consent to the storage and processing of my data in accordance with the data protection declaration.<\/span><\/label><\/span><\/span><\/span>\n<\/p>\n<p><input class=\"wpcf7-form-control wpcf7-submit has-spinner btn btn-accent\" type=\"submit\" value=\"Send now\" \/>\n<\/p><div class=\"wpcf7-response-output\" aria-hidden=\"true\"><\/div>\n<input type=\"hidden\" name=\"trp-form-language\" value=\"en\"\/><\/form>\n<\/div>\n<\/div><\/div><\/div><\/div><\/div><script id=\"script-row-unique-3\" data-row=\"script-row-unique-3\" type=\"text\/javascript\" class=\"vc_controls\">UNCODE.initRow(document.getElementById(\"row-unique-3\"));<\/script><\/div><\/div><\/div>\n<\/div>","protected":false},"excerpt":{"rendered":"MitgliedschaftSch\u00f6n, dass du hier bist!Wir haben die am h\u00e4ufigsten gestellten Fragen bez\u00fcglich aller Mitgliedschaftsbezogenen Themen wie Module, Laufzeit, Verl\u00e4ngerungen etc. [...]","protected":false},"author":3,"featured_media":0,"parent":45653,"menu_order":0,"comment_status":"closed","ping_status":"closed","template":"","meta":{"footnotes":""},"class_list":["post-90797","page","type-page","status-publish","hentry"],"_links":{"self":[{"href":"https:\/\/www.zanshin-dojo.de\/en\/wp-json\/wp\/v2\/pages\/90797","targetHints":{"allow":["GET"]}}],"collection":[{"href":"https:\/\/www.zanshin-dojo.de\/en\/wp-json\/wp\/v2\/pages"}],"about":[{"href":"https:\/\/www.zanshin-dojo.de\/en\/wp-json\/wp\/v2\/types\/page"}],"author":[{"embeddable":true,"href":"https:\/\/www.zanshin-dojo.de\/en\/wp-json\/wp\/v2\/users\/3"}],"replies":[{"embeddable":true,"href":"https:\/\/www.zanshin-dojo.de\/en\/wp-json\/wp\/v2\/comments?post=90797"}],"version-history":[{"count":32,"href":"https:\/\/www.zanshin-dojo.de\/en\/wp-json\/wp\/v2\/pages\/90797\/revisions"}],"predecessor-version":[{"id":91040,"href":"https:\/\/www.zanshin-dojo.de\/en\/wp-json\/wp\/v2\/pages\/90797\/revisions\/91040"}],"up":[{"embeddable":true,"href":"https:\/\/www.zanshin-dojo.de\/en\/wp-json\/wp\/v2\/pages\/45653"}],"wp:attachment":[{"href":"https:\/\/www.zanshin-dojo.de\/en\/wp-json\/wp\/v2\/media?parent=90797"}],"curies":[{"name":"wp","href":"https:\/\/api.w.org\/{rel}","templated":true}]}}