{"id":87945,"date":"2021-08-16T09:52:45","date_gmt":"2021-08-16T09:52:45","guid":{"rendered":"https:\/\/www.zanshin-dojo.com\/?page_id=87945"},"modified":"2022-01-12T12:48:42","modified_gmt":"2022-01-12T12:48:42","slug":"personal-training","status":"publish","type":"page","link":"https:\/\/www.zanshin-dojo.de\/en\/personal-training\/","title":{"rendered":"Personal Training"},"content":{"rendered":"<div class=\"wpb-content-wrapper\"><div data-parent=\"true\" class=\"vc_row row-container\" id=\"row-unique-0\"><div class=\"row triple-top-padding triple-bottom-padding single-h-padding limit-width row-parent\"><div class=\"wpb_row row-inner\"><div class=\"wpb_column pos-top pos-center align_left column_parent col-lg-12 single-internal-gutter\"><div class=\"uncol style-light\"  ><div class=\"uncoltable\"><div class=\"uncell no-block-padding\" ><div class=\"uncont\" ><div class=\"vc_custom_heading_wrap\"><div class=\"heading-text el-text\" ><h2 class=\"h2\" ><span>Fitness-Ziele gemeinsam schneller verwirklichen<\/span><\/h2><\/div><div class=\"clear\"><\/div><\/div><div class=\"uncode_text_column\" ><p>F\u00fcr individuelles Training kannst du nat\u00fcrlich auch einen unserer Personal Trainer buchen.<\/p>\n<p>Der Vorteil beim Personal Training liegt in der pers\u00f6nlichen und individuellen Betreuung. Der Trainer unterst\u00fctzt dich dabei deine sportlichen Ziele zu erreichen. Gemeinsam erarbeitet er mit dir einen Trainingsplan, der ganz auf deine Bed\u00fcrfnisse abgestimmt ist. Ihr entscheidet zusammen wie h\u00e4ufig und wie umfangreich du f\u00fcr dein Ziel trainieren solltest. Neben der zeitlich flexiblen 1:1 Betreuung mit dem Trainer steht ein nachhaltig effektives Training an erster Stelle um dir Spa\u00df an allgemeiner Fitness und Bewegung zu vermitteln.<\/p>\n<p>F\u00fcr das Training k\u00f6nnen unsere R\u00e4umlichkeiten im Zanshin Dojo genutzt werden.<\/p>\n<\/div><\/div><\/div><\/div><\/div><\/div><script id=\"script-row-unique-0\" data-row=\"script-row-unique-0\" type=\"text\/javascript\" class=\"vc_controls\">UNCODE.initRow(document.getElementById(\"row-unique-0\"));<\/script><\/div><\/div><\/div>\n<\/div>","protected":false},"excerpt":{"rendered":"Fitness-Ziele gemeinsam schneller verwirklichenF\u00fcr individuelles Training kannst du nat\u00fcrlich auch einen unserer Personal Trainer buchen. Der Vorteil beim Personal Training [...]","protected":false},"author":3,"featured_media":0,"parent":0,"menu_order":0,"comment_status":"closed","ping_status":"closed","template":"","meta":{"footnotes":""},"class_list":["post-87945","page","type-page","status-publish","hentry"],"_links":{"self":[{"href":"https:\/\/www.zanshin-dojo.de\/en\/wp-json\/wp\/v2\/pages\/87945","targetHints":{"allow":["GET"]}}],"collection":[{"href":"https:\/\/www.zanshin-dojo.de\/en\/wp-json\/wp\/v2\/pages"}],"about":[{"href":"https:\/\/www.zanshin-dojo.de\/en\/wp-json\/wp\/v2\/types\/page"}],"author":[{"embeddable":true,"href":"https:\/\/www.zanshin-dojo.de\/en\/wp-json\/wp\/v2\/users\/3"}],"replies":[{"embeddable":true,"href":"https:\/\/www.zanshin-dojo.de\/en\/wp-json\/wp\/v2\/comments?post=87945"}],"version-history":[{"count":1,"href":"https:\/\/www.zanshin-dojo.de\/en\/wp-json\/wp\/v2\/pages\/87945\/revisions"}],"predecessor-version":[{"id":89759,"href":"https:\/\/www.zanshin-dojo.de\/en\/wp-json\/wp\/v2\/pages\/87945\/revisions\/89759"}],"wp:attachment":[{"href":"https:\/\/www.zanshin-dojo.de\/en\/wp-json\/wp\/v2\/media?parent=87945"}],"curies":[{"name":"wp","href":"https:\/\/api.w.org\/{rel}","templated":true}]}}