{"id":83579,"date":"2020-02-02T18:39:07","date_gmt":"2020-02-02T18:39:07","guid":{"rendered":"https:\/\/www.zanshin-dojo.com\/?page_id=83579"},"modified":"2025-10-22T17:11:35","modified_gmt":"2025-10-22T17:11:35","slug":"team","status":"publish","type":"page","link":"https:\/\/www.zanshin-dojo.de\/en\/team\/","title":{"rendered":"Team"},"content":{"rendered":"<div class=\"wpb-content-wrapper\"><div data-parent=\"true\" class=\"vc_row vc_custom_1591101785781 row-container\" style=\"border-right-width: 0px ;\" id=\"row-unique-0\"><div class=\"row unequal col-double-gutter single-top-padding single-bottom-padding double-h-padding limit-width row-parent\"><div class=\"wpb_row row-inner\"><div class=\"wpb_column pos-middle pos-right align_center column_parent col-lg-12 single-internal-gutter shift-col-wa\"><div class=\"uncol style-light shift_y_single shift_y_down_neg_single shift_x_fixed animate_when_almost_visible top-t-bottom\"  data-speed=\"500\"><div class=\"uncoltable\"><div class=\"uncell  vc_custom_1633347559259 no-block-padding\" style=\"border-top-width: 0px ;border-right-width: 0px ;border-bottom-width: 0px ;padding-top: 0px ;padding-bottom: 0px ;\" ><div class=\"uncont\" ><div id=\"gallery-3184624\" class=\"un-media-gallery isotope-system isotope-general-light grid-general-light\">\n\t\t\t\t\t\n\t\n\t<div class=\"isotope-wrapper grid-wrapper half-gutter\" >\n\t\t\t\t\t\t\t\t\t<div class=\"isotope-container isotope-layout style-masonry\" data-type=\"masonry\" data-layout=\"fitRows\" data-lg=\"1000\" data-md=\"600\" data-sm=\"480\">\n<div class=\"tmb tmb-iso-w3 tmb-iso-h4 tmb-light tmb-overlay-anim tmb-content-center tmb-shadowed tmb-media-shadowed-sm tmb-bordered tmb-id-92526  tmb-img-ratio tmb-content-under tmb-media-first tmb-no-bg\" ><div class=\"t-inside no-anim\" ><div class=\"t-entry-visual\"><div class=\"t-entry-visual-tc\"><div class=\"t-entry-visual-cont\"><div class=\"dummy\" style=\"padding-top: 100%;\"><\/div><a role=\"button\" tabindex=\"-1\" href=\"https:\/\/www.zanshin-dojo.de\/en\/tim-von-fintel\/\" class=\"pushed\" data-lb-index=\"0\"><div class=\"t-entry-visual-overlay\"><div class=\"t-entry-visual-overlay-in style-dark-bg\" style=\"opacity: 0.01;\"><\/div><\/div><img decoding=\"async\" class=\"wp-image-92526\" src=\"https:\/\/www.zanshin-dojo.de\/wp-content\/uploads\/2021\/09\/tim-von-fintel-scaled-uai-1707x1707.jpg\" width=\"1707\" height=\"1707\" alt=\"\" \/><\/a><\/div>\n\t\t\t\t\t<\/div>\n\t\t\t\t<\/div><div class=\"t-entry-text\">\n\t\t\t\t\t\t\t\t\t<div class=\"t-entry-text-tc single-block-padding\"><div class=\"t-entry\"><hr \/><h3 class=\"t-entry-title h4 title-scale\"><a href=\"https:\/\/www.zanshin-dojo.de\/en\/tim-von-fintel\/\">Tim<\/a><\/h3><p class=\"t-entry-meta\"><span>Studio management <\/span><\/p><hr class=\"separator-reduced\" \/><\/div><\/div>\n\t\t\t\t\t\t\t<\/div><\/div><\/div><div class=\"tmb tmb-iso-w3 tmb-iso-h4 tmb-light tmb-overlay-anim tmb-content-center tmb-shadowed tmb-media-shadowed-sm tmb-bordered tmb-id-97996  tmb-img-ratio tmb-content-under tmb-media-first tmb-no-bg\" ><div class=\"t-inside no-anim\" ><div class=\"t-entry-visual\"><div class=\"t-entry-visual-tc\"><div class=\"t-entry-visual-cont\"><div class=\"dummy\" style=\"padding-top: 100%;\"><\/div><a role=\"button\" tabindex=\"-1\" href=\"\" class=\"pushed\" data-lb-index=\"1\"><div class=\"t-entry-visual-overlay\"><div class=\"t-entry-visual-overlay-in style-dark-bg\" style=\"opacity: 0.01;\"><\/div><\/div><img decoding=\"async\" class=\"wp-image-97996\" src=\"https:\/\/www.zanshin-dojo.de\/wp-content\/uploads\/2025\/08\/Design-ohne-Titel-4.png\" width=\"500\" height=\"500\" alt=\"\" srcset=\"https:\/\/www.zanshin-dojo.de\/wp-content\/uploads\/2025\/08\/Design-ohne-Titel-4.png 500w, https:\/\/www.zanshin-dojo.de\/wp-content\/uploads\/2025\/08\/Design-ohne-Titel-4-12x12.png 12w\" sizes=\"(max-width: 500px) 100vw, 500px\" \/><\/a><\/div>\n\t\t\t\t\t<\/div>\n\t\t\t\t<\/div><div class=\"t-entry-text\">\n\t\t\t\t\t\t\t\t\t<div class=\"t-entry-text-tc single-block-padding\"><div class=\"t-entry\"><hr \/><h3 class=\"t-entry-title h4 title-scale\">Levin<\/h3><p class=\"t-entry-meta\"><span>Stellvertretende Studioleitung<\/span><\/p><hr class=\"separator-reduced\" \/><\/div><\/div>\n\t\t\t\t\t\t\t<\/div><\/div><\/div><div class=\"tmb tmb-iso-w3 tmb-iso-h4 tmb-light tmb-overlay-anim tmb-content-center tmb-shadowed tmb-media-shadowed-sm tmb-bordered tmb-id-84379  tmb-img-ratio tmb-content-under tmb-media-first tmb-no-bg\" ><div class=\"t-inside no-anim\" ><div class=\"t-entry-visual\"><div class=\"t-entry-visual-tc\"><div class=\"t-entry-visual-cont\"><div class=\"dummy\" style=\"padding-top: 100%;\"><\/div><a role=\"button\" tabindex=\"-1\" href=\"https:\/\/www.zanshin-dojo.de\/en\/team\/lena\/\" class=\"pushed\" data-lb-index=\"2\"><div class=\"t-entry-visual-overlay\"><div class=\"t-entry-visual-overlay-in style-dark-bg\" style=\"opacity: 0.01;\"><\/div><\/div><img decoding=\"async\" class=\"wp-image-84379\" src=\"https:\/\/www.zanshin-dojo.de\/wp-content\/uploads\/2020\/03\/lena-team-zd-2.jpg\" width=\"500\" height=\"500\" alt=\"\" srcset=\"https:\/\/www.zanshin-dojo.de\/wp-content\/uploads\/2020\/03\/lena-team-zd-2.jpg 500w, https:\/\/www.zanshin-dojo.de\/wp-content\/uploads\/2020\/03\/lena-team-zd-2-300x300.jpg 300w, https:\/\/www.zanshin-dojo.de\/wp-content\/uploads\/2020\/03\/lena-team-zd-2-150x150.jpg 150w\" sizes=\"(max-width: 500px) 100vw, 500px\" \/><\/a><\/div>\n\t\t\t\t\t<\/div>\n\t\t\t\t<\/div><div class=\"t-entry-text\">\n\t\t\t\t\t\t\t\t\t<div class=\"t-entry-text-tc single-block-padding\"><div class=\"t-entry\"><hr \/><h3 class=\"t-entry-title h4 title-scale\">Lena<\/h3><p class=\"t-entry-meta\"><span>Stellvertretende Studioleitung<\/span><\/p><hr class=\"separator-reduced\" \/><\/div><\/div>\n\t\t\t\t\t\t\t<\/div><\/div><\/div><div class=\"tmb tmb-iso-w3 tmb-iso-h4 tmb-light tmb-overlay-anim tmb-content-center tmb-shadowed tmb-media-shadowed-sm tmb-bordered tmb-id-84377  tmb-img-ratio tmb-content-under tmb-media-first tmb-no-bg\" ><div class=\"t-inside no-anim\" ><div class=\"t-entry-visual\"><div class=\"t-entry-visual-tc\"><div class=\"t-entry-visual-cont\"><div class=\"dummy\" style=\"padding-top: 100%;\"><\/div><a role=\"button\" tabindex=\"-1\" href=\"https:\/\/www.zanshin-dojo.de\/en\/team\/heiko\/\" class=\"pushed\" data-lb-index=\"3\"><div class=\"t-entry-visual-overlay\"><div class=\"t-entry-visual-overlay-in style-dark-bg\" style=\"opacity: 0.01;\"><\/div><\/div><img decoding=\"async\" class=\"wp-image-84377\" src=\"https:\/\/www.zanshin-dojo.de\/wp-content\/uploads\/2020\/03\/heiko-team-zd-2.jpg\" width=\"500\" height=\"500\" alt=\"\" srcset=\"https:\/\/www.zanshin-dojo.de\/wp-content\/uploads\/2020\/03\/heiko-team-zd-2.jpg 500w, https:\/\/www.zanshin-dojo.de\/wp-content\/uploads\/2020\/03\/heiko-team-zd-2-300x300.jpg 300w, https:\/\/www.zanshin-dojo.de\/wp-content\/uploads\/2020\/03\/heiko-team-zd-2-150x150.jpg 150w\" sizes=\"(max-width: 500px) 100vw, 500px\" \/><\/a><\/div>\n\t\t\t\t\t<\/div>\n\t\t\t\t<\/div><div class=\"t-entry-text\">\n\t\t\t\t\t\t\t\t\t<div class=\"t-entry-text-tc single-block-padding\"><div class=\"t-entry\"><hr \/><h3 class=\"t-entry-title h4 title-scale\">Heiko<\/h3><p class=\"t-entry-meta\"><span>Fitness economist<\/span><\/p><hr class=\"separator-reduced\" \/><\/div><\/div>\n\t\t\t\t\t\t\t<\/div><\/div><\/div><div class=\"tmb tmb-iso-w3 tmb-iso-h4 tmb-light tmb-overlay-anim tmb-content-center tmb-shadowed tmb-media-shadowed-sm tmb-bordered tmb-id-84388  tmb-img-ratio tmb-content-under tmb-media-first tmb-no-bg\" ><div class=\"t-inside no-anim\" ><div class=\"t-entry-visual\"><div class=\"t-entry-visual-tc\"><div class=\"t-entry-visual-cont\"><div class=\"dummy\" style=\"padding-top: 100%;\"><\/div><a role=\"button\" tabindex=\"-1\" href=\"https:\/\/www.zanshin-dojo.de\/en\/team\/tom\/\" class=\"pushed\" data-lb-index=\"4\"><div class=\"t-entry-visual-overlay\"><div class=\"t-entry-visual-overlay-in style-dark-bg\" style=\"opacity: 0.01;\"><\/div><\/div><img decoding=\"async\" class=\"wp-image-84388\" src=\"https:\/\/www.zanshin-dojo.de\/wp-content\/uploads\/2020\/03\/tom-team-zd-2.jpg\" width=\"500\" height=\"500\" alt=\"\" srcset=\"https:\/\/www.zanshin-dojo.de\/wp-content\/uploads\/2020\/03\/tom-team-zd-2.jpg 500w, https:\/\/www.zanshin-dojo.de\/wp-content\/uploads\/2020\/03\/tom-team-zd-2-300x300.jpg 300w, https:\/\/www.zanshin-dojo.de\/wp-content\/uploads\/2020\/03\/tom-team-zd-2-150x150.jpg 150w\" sizes=\"(max-width: 500px) 100vw, 500px\" \/><\/a><\/div>\n\t\t\t\t\t<\/div>\n\t\t\t\t<\/div><div class=\"t-entry-text\">\n\t\t\t\t\t\t\t\t\t<div class=\"t-entry-text-tc single-block-padding\"><div class=\"t-entry\"><hr \/><h3 class=\"t-entry-title h4 title-scale\">Tom<\/h3><p class=\"t-entry-meta\"><span>Gesundheitsmanager<\/span><\/p><hr class=\"separator-reduced\" \/><\/div><\/div>\n\t\t\t\t\t\t\t<\/div><\/div><\/div><div class=\"tmb tmb-iso-w3 tmb-iso-h4 tmb-light tmb-overlay-anim tmb-content-center tmb-shadowed tmb-media-shadowed-sm tmb-bordered tmb-id-95143  tmb-img-ratio tmb-content-under tmb-media-first tmb-no-bg\" ><div class=\"t-inside no-anim\" ><div class=\"t-entry-visual\"><div class=\"t-entry-visual-tc\"><div class=\"t-entry-visual-cont\"><div class=\"dummy\" style=\"padding-top: 100%;\"><\/div><a role=\"button\" tabindex=\"-1\" href=\"\" class=\"pushed\" data-lb-index=\"5\"><div class=\"t-entry-visual-overlay\"><div class=\"t-entry-visual-overlay-in style-dark-bg\" style=\"opacity: 0.01;\"><\/div><\/div><img decoding=\"async\" class=\"wp-image-95143\" src=\"https:\/\/www.zanshin-dojo.de\/wp-content\/uploads\/2023\/10\/jens.jpg\" width=\"1417\" height=\"1417\" alt=\"\" srcset=\"https:\/\/www.zanshin-dojo.de\/wp-content\/uploads\/2023\/10\/jens.jpg 1417w, https:\/\/www.zanshin-dojo.de\/wp-content\/uploads\/2023\/10\/jens-768x768.jpg 768w, https:\/\/www.zanshin-dojo.de\/wp-content\/uploads\/2023\/10\/jens-12x12.jpg 12w\" sizes=\"(max-width: 1417px) 100vw, 1417px\" \/><\/a><\/div>\n\t\t\t\t\t<\/div>\n\t\t\t\t<\/div><div class=\"t-entry-text\">\n\t\t\t\t\t\t\t\t\t<div class=\"t-entry-text-tc single-block-padding\"><div class=\"t-entry\"><hr \/><h3 class=\"t-entry-title h4 title-scale\">Jens<\/h3><p class=\"t-entry-meta\"><span>Dualer Student B.A. Gesundheitsmanagement<\/span><\/p><hr class=\"separator-reduced\" \/><\/div><\/div>\n\t\t\t\t\t\t\t<\/div><\/div><\/div><div class=\"tmb tmb-iso-w3 tmb-iso-h4 tmb-light tmb-overlay-anim tmb-content-center tmb-shadowed tmb-media-shadowed-sm tmb-bordered tmb-id-95145  tmb-img-ratio tmb-content-under tmb-media-first tmb-no-bg\" ><div class=\"t-inside no-anim\" ><div class=\"t-entry-visual\"><div class=\"t-entry-visual-tc\"><div class=\"t-entry-visual-cont\"><div class=\"dummy\" style=\"padding-top: 100%;\"><\/div><a role=\"button\" tabindex=\"-1\" href=\"\" class=\"pushed\" data-lb-index=\"6\"><div class=\"t-entry-visual-overlay\"><div class=\"t-entry-visual-overlay-in style-dark-bg\" style=\"opacity: 0.01;\"><\/div><\/div><img decoding=\"async\" class=\"wp-image-95145\" src=\"https:\/\/www.zanshin-dojo.de\/wp-content\/uploads\/2023\/10\/thalea.jpg\" width=\"1417\" height=\"1417\" alt=\"\" srcset=\"https:\/\/www.zanshin-dojo.de\/wp-content\/uploads\/2023\/10\/thalea.jpg 1417w, https:\/\/www.zanshin-dojo.de\/wp-content\/uploads\/2023\/10\/thalea-768x768.jpg 768w, https:\/\/www.zanshin-dojo.de\/wp-content\/uploads\/2023\/10\/thalea-12x12.jpg 12w\" sizes=\"(max-width: 1417px) 100vw, 1417px\" \/><\/a><\/div>\n\t\t\t\t\t<\/div>\n\t\t\t\t<\/div><div class=\"t-entry-text\">\n\t\t\t\t\t\t\t\t\t<div class=\"t-entry-text-tc single-block-padding\"><div class=\"t-entry\"><hr \/><h3 class=\"t-entry-title h4 title-scale\">Thalea<\/h3><p class=\"t-entry-meta\"><span>Student Fitness economist<\/span><\/p><hr class=\"separator-reduced\" \/><\/div><\/div>\n\t\t\t\t\t\t\t<\/div><\/div><\/div><div class=\"tmb tmb-iso-w3 tmb-iso-h4 tmb-light tmb-overlay-anim tmb-content-center tmb-shadowed tmb-media-shadowed-sm tmb-bordered tmb-id-95149  tmb-img-ratio tmb-content-under tmb-media-first tmb-no-bg\" ><div class=\"t-inside no-anim\" ><div class=\"t-entry-visual\"><div class=\"t-entry-visual-tc\"><div class=\"t-entry-visual-cont\"><div class=\"dummy\" style=\"padding-top: 100%;\"><\/div><a role=\"button\" tabindex=\"-1\" href=\"\" class=\"pushed\" data-lb-index=\"7\"><div class=\"t-entry-visual-overlay\"><div class=\"t-entry-visual-overlay-in style-dark-bg\" style=\"opacity: 0.01;\"><\/div><\/div><img decoding=\"async\" class=\"wp-image-95149\" src=\"https:\/\/www.zanshin-dojo.de\/wp-content\/uploads\/2023\/10\/Danijel.jpg\" width=\"1417\" height=\"1417\" alt=\"\" srcset=\"https:\/\/www.zanshin-dojo.de\/wp-content\/uploads\/2023\/10\/Danijel.jpg 1417w, https:\/\/www.zanshin-dojo.de\/wp-content\/uploads\/2023\/10\/Danijel-768x768.jpg 768w, https:\/\/www.zanshin-dojo.de\/wp-content\/uploads\/2023\/10\/Danijel-12x12.jpg 12w\" sizes=\"(max-width: 1417px) 100vw, 1417px\" \/><\/a><\/div>\n\t\t\t\t\t<\/div>\n\t\t\t\t<\/div><div class=\"t-entry-text\">\n\t\t\t\t\t\t\t\t\t<div class=\"t-entry-text-tc single-block-padding\"><div class=\"t-entry\"><hr \/><h3 class=\"t-entry-title h4 title-scale\">Danijel<\/h3><p class=\"t-entry-meta\"><span>Student Fitness economist<\/span><\/p><hr class=\"separator-reduced\" \/><\/div><\/div>\n\t\t\t\t\t\t\t<\/div><\/div><\/div><div class=\"tmb tmb-iso-w3 tmb-iso-h4 tmb-light tmb-overlay-anim tmb-content-center tmb-shadowed tmb-media-shadowed-sm tmb-bordered tmb-id-97983  tmb-img-ratio tmb-content-under tmb-media-first tmb-no-bg\" ><div class=\"t-inside no-anim\" ><div class=\"t-entry-visual\"><div class=\"t-entry-visual-tc\"><div class=\"t-entry-visual-cont\"><div class=\"dummy\" style=\"padding-top: 100%;\"><\/div><a role=\"button\" tabindex=\"-1\" href=\"\" class=\"pushed\" data-lb-index=\"8\"><div class=\"t-entry-visual-overlay\"><div class=\"t-entry-visual-overlay-in style-dark-bg\" style=\"opacity: 0.01;\"><\/div><\/div><img decoding=\"async\" class=\"wp-image-97983\" src=\"https:\/\/www.zanshin-dojo.de\/wp-content\/uploads\/2025\/08\/Jason-Website-3-4.png\" width=\"500\" height=\"500\" alt=\"\" srcset=\"https:\/\/www.zanshin-dojo.de\/wp-content\/uploads\/2025\/08\/Jason-Website-3-4.png 500w, https:\/\/www.zanshin-dojo.de\/wp-content\/uploads\/2025\/08\/Jason-Website-3-4-12x12.png 12w\" sizes=\"(max-width: 500px) 100vw, 500px\" \/><\/a><\/div>\n\t\t\t\t\t<\/div>\n\t\t\t\t<\/div><div class=\"t-entry-text\">\n\t\t\t\t\t\t\t\t\t<div class=\"t-entry-text-tc single-block-padding\"><div class=\"t-entry\"><hr \/><h3 class=\"t-entry-title h4 title-scale\">Jason<\/h3><p class=\"t-entry-meta\"><span>Auszubildender Sport -und Fitnesskaufmann<\/span><\/p><hr class=\"separator-reduced\" \/><\/div><\/div>\n\t\t\t\t\t\t\t<\/div><\/div><\/div><div class=\"tmb tmb-iso-w3 tmb-iso-h4 tmb-light tmb-overlay-anim tmb-content-center tmb-shadowed tmb-media-shadowed-sm tmb-bordered tmb-id-97984  tmb-img-ratio tmb-content-under tmb-media-first tmb-no-bg\" ><div class=\"t-inside no-anim\" ><div class=\"t-entry-visual\"><div class=\"t-entry-visual-tc\"><div class=\"t-entry-visual-cont\"><div class=\"dummy\" style=\"padding-top: 100%;\"><\/div><a role=\"button\" tabindex=\"-1\" href=\"\" class=\"pushed\" data-lb-index=\"9\"><div class=\"t-entry-visual-overlay\"><div class=\"t-entry-visual-overlay-in style-dark-bg\" style=\"opacity: 0.01;\"><\/div><\/div><img decoding=\"async\" class=\"wp-image-97984\" src=\"https:\/\/www.zanshin-dojo.de\/wp-content\/uploads\/2025\/08\/Amir-Website-Helleres-Rot-3.png\" width=\"500\" height=\"500\" alt=\"\" srcset=\"https:\/\/www.zanshin-dojo.de\/wp-content\/uploads\/2025\/08\/Amir-Website-Helleres-Rot-3.png 500w, https:\/\/www.zanshin-dojo.de\/wp-content\/uploads\/2025\/08\/Amir-Website-Helleres-Rot-3-12x12.png 12w\" sizes=\"(max-width: 500px) 100vw, 500px\" \/><\/a><\/div>\n\t\t\t\t\t<\/div>\n\t\t\t\t<\/div><div class=\"t-entry-text\">\n\t\t\t\t\t\t\t\t\t<div class=\"t-entry-text-tc single-block-padding\"><div class=\"t-entry\"><hr \/><h3 class=\"t-entry-title h4 title-scale\">Amir<\/h3><p class=\"t-entry-meta\"><span>Auszubildender Sport -und Fitnesskaufmann<\/span><\/p><hr class=\"separator-reduced\" \/><\/div><\/div>\n\t\t\t\t\t\t\t<\/div><\/div><\/div><div class=\"tmb tmb-iso-w3 tmb-iso-h4 tmb-light tmb-overlay-anim tmb-content-center tmb-shadowed tmb-media-shadowed-sm tmb-bordered tmb-id-98316  tmb-img-ratio tmb-content-under tmb-media-first tmb-no-bg\" ><div class=\"t-inside no-anim\" ><div class=\"t-entry-visual\"><div class=\"t-entry-visual-tc\"><div class=\"t-entry-visual-cont\"><div class=\"dummy\" style=\"padding-top: 100%;\"><\/div><a role=\"button\" tabindex=\"-1\" href=\"\" class=\"pushed\" data-lb-index=\"10\"><div class=\"t-entry-visual-overlay\"><div class=\"t-entry-visual-overlay-in style-dark-bg\" style=\"opacity: 0.01;\"><\/div><\/div><img decoding=\"async\" class=\"wp-image-98316\" src=\"https:\/\/www.zanshin-dojo.de\/wp-content\/uploads\/2025\/10\/Design-ohne-Titel-31.png\" width=\"500\" height=\"500\" alt=\"\" srcset=\"https:\/\/www.zanshin-dojo.de\/wp-content\/uploads\/2025\/10\/Design-ohne-Titel-31.png 500w, https:\/\/www.zanshin-dojo.de\/wp-content\/uploads\/2025\/10\/Design-ohne-Titel-31-12x12.png 12w, https:\/\/www.zanshin-dojo.de\/wp-content\/uploads\/2025\/10\/Design-ohne-Titel-31-350x350.png 350w, https:\/\/www.zanshin-dojo.de\/wp-content\/uploads\/2025\/10\/Design-ohne-Titel-31-348x348.png 348w\" sizes=\"(max-width: 500px) 100vw, 500px\" \/><\/a><\/div>\n\t\t\t\t\t<\/div>\n\t\t\t\t<\/div><div class=\"t-entry-text\">\n\t\t\t\t\t\t\t\t\t<div class=\"t-entry-text-tc single-block-padding\"><div class=\"t-entry\"><hr \/><h3 class=\"t-entry-title h4 title-scale\">Ben<\/h3><p class=\"t-entry-meta\"><span>Student Fitness economist<\/span><\/p><hr class=\"separator-reduced\" \/><\/div><\/div>\n\t\t\t\t\t\t\t<\/div><\/div><\/div><div class=\"tmb tmb-iso-w3 tmb-iso-h4 tmb-light tmb-overlay-anim tmb-content-center tmb-shadowed tmb-media-shadowed-sm tmb-bordered tmb-id-97280  tmb-img-ratio tmb-content-under tmb-media-first tmb-no-bg\" ><div class=\"t-inside no-anim\" ><div class=\"t-entry-visual\"><div class=\"t-entry-visual-tc\"><div class=\"t-entry-visual-cont\"><div class=\"dummy\" style=\"padding-top: 100%;\"><\/div><a role=\"button\" tabindex=\"-1\" href=\"\" class=\"pushed\" data-lb-index=\"11\"><div class=\"t-entry-visual-overlay\"><div class=\"t-entry-visual-overlay-in style-dark-bg\" style=\"opacity: 0.01;\"><\/div><\/div><img decoding=\"async\" class=\"wp-image-97280\" src=\"https:\/\/www.zanshin-dojo.de\/wp-content\/uploads\/2024\/12\/Download-1.jpg\" width=\"225\" height=\"225\" alt=\"\" srcset=\"https:\/\/www.zanshin-dojo.de\/wp-content\/uploads\/2024\/12\/Download-1.jpg 225w, https:\/\/www.zanshin-dojo.de\/wp-content\/uploads\/2024\/12\/Download-1-12x12.jpg 12w\" sizes=\"(max-width: 225px) 100vw, 225px\" \/><\/a><\/div>\n\t\t\t\t\t<\/div>\n\t\t\t\t<\/div><div class=\"t-entry-text\">\n\t\t\t\t\t\t\t\t\t<div class=\"t-entry-text-tc single-block-padding\"><div class=\"t-entry\"><hr \/><h3 class=\"t-entry-title h4 title-scale\">Suki<\/h3><p class=\"t-entry-meta\"><span>Praktikantin \/ Studentin B.A. Kommunikationsdesign<\/span><\/p><hr class=\"separator-reduced\" \/><\/div><\/div>\n\t\t\t\t\t\t\t<\/div><\/div><\/div><div class=\"tmb tmb-iso-w3 tmb-iso-h4 tmb-light tmb-overlay-anim tmb-content-center tmb-shadowed tmb-media-shadowed-sm tmb-bordered tmb-id-84387  tmb-img-ratio tmb-content-under tmb-media-first tmb-no-bg\" ><div class=\"t-inside no-anim\" ><div class=\"t-entry-visual\"><div class=\"t-entry-visual-tc\"><div class=\"t-entry-visual-cont\"><div class=\"dummy\" style=\"padding-top: 100%;\"><\/div><a role=\"button\" tabindex=\"-1\" href=\"https:\/\/www.zanshin-dojo.de\/en\/team\/tanja\/\" class=\"pushed\" data-lb-index=\"12\"><div class=\"t-entry-visual-overlay\"><div class=\"t-entry-visual-overlay-in style-dark-bg\" style=\"opacity: 0.01;\"><\/div><\/div><img decoding=\"async\" class=\"wp-image-84387\" src=\"https:\/\/www.zanshin-dojo.de\/wp-content\/uploads\/2020\/03\/tanja-team-zd-2.jpg\" width=\"500\" height=\"500\" alt=\"\" srcset=\"https:\/\/www.zanshin-dojo.de\/wp-content\/uploads\/2020\/03\/tanja-team-zd-2.jpg 500w, https:\/\/www.zanshin-dojo.de\/wp-content\/uploads\/2020\/03\/tanja-team-zd-2-300x300.jpg 300w, https:\/\/www.zanshin-dojo.de\/wp-content\/uploads\/2020\/03\/tanja-team-zd-2-150x150.jpg 150w\" sizes=\"(max-width: 500px) 100vw, 500px\" \/><\/a><\/div>\n\t\t\t\t\t<\/div>\n\t\t\t\t<\/div><div class=\"t-entry-text\">\n\t\t\t\t\t\t\t\t\t<div class=\"t-entry-text-tc single-block-padding\"><div class=\"t-entry\"><hr \/><h3 class=\"t-entry-title h4 title-scale\">Tanja<\/h3><p class=\"t-entry-meta\"><span>Studentin Humanmedizin<\/span><\/p><hr class=\"separator-reduced\" \/><\/div><\/div>\n\t\t\t\t\t\t\t<\/div><\/div><\/div>\t\t\t<\/div>\n\t\t\t\t\t<\/div>\n\n\t\n\t\n\t\n<\/div>\n\n<\/div><\/div><\/div><\/div><\/div><script id=\"script-row-unique-0\" data-row=\"script-row-unique-0\" type=\"text\/javascript\" class=\"vc_controls\">UNCODE.initRow(document.getElementById(\"row-unique-0\"));<\/script><\/div><\/div><\/div><div data-parent=\"true\" class=\"vc_row style-color-wayh-bg row-container\" id=\"row-unique-1\"><div class=\"row unequal col-double-gutter limit-width row-parent\" data-height-ratio=\"5\"><div class=\"wpb_row row-inner\"><div class=\"wpb_column pos-middle pos-center align_center column_parent col-lg-12 single-internal-gutter\"><div class=\"uncol style-dark\"  ><div class=\"uncoltable\"><div class=\"uncell no-block-padding\" ><div class=\"uncont\" ><div class=\"vc_custom_heading_wrap\"><div class=\"heading-text el-text\" ><h6 class=\"font-767404 fontsize-160000 fontspace-135905 text-uppercase\" ><span>Zanshin Dojo Team<\/span><\/h6><\/div><div class=\"clear\"><\/div><\/div><div class=\"vc_custom_heading_wrap\"><div class=\"heading-text el-text zoom-in animate_when_almost_visible\" data-delay=\"100\"><h3 class=\"font-767404 fontsize-155944\" ><span><strong>Teamwork makes the dream work<\/strong><\/span><\/h3><\/div><div class=\"clear\"><\/div><\/div><span class=\"btn-container\" ><a role=\"button\"  href=\"https:\/\/www.zanshin-dojo.de\/en\/probezeit\/\" class=\"custom-link btn border-width-0 btn-color-182181 btn-icon-left\" title=\"TRIAL SESSION\">Jetzt starten<\/a><\/span><\/div><\/div><\/div><\/div><\/div><script id=\"script-row-unique-1\" data-row=\"script-row-unique-1\" type=\"text\/javascript\" class=\"vc_controls\">UNCODE.initRow(document.getElementById(\"row-unique-1\"));<\/script><\/div><\/div><\/div>\n<\/div>","protected":false},"excerpt":{"rendered":"TimStudioleitung LevinStellvertretende Studioleitung LenaStellvertretende Studioleitung HeikoFitness\u00f6konom TomGesundheitsmanager JensDualer Student B.A. Gesundheitsmanagement ThaleaDuale Studentin B.A. Fitness\u00f6konomie DanijelDualer Student B.A. Fitness\u00f6konomie JasonAuszubildender [...]","protected":false},"author":1,"featured_media":0,"parent":0,"menu_order":0,"comment_status":"closed","ping_status":"closed","template":"","meta":{"footnotes":""},"class_list":["post-83579","page","type-page","status-publish","hentry"],"_links":{"self":[{"href":"https:\/\/www.zanshin-dojo.de\/en\/wp-json\/wp\/v2\/pages\/83579","targetHints":{"allow":["GET"]}}],"collection":[{"href":"https:\/\/www.zanshin-dojo.de\/en\/wp-json\/wp\/v2\/pages"}],"about":[{"href":"https:\/\/www.zanshin-dojo.de\/en\/wp-json\/wp\/v2\/types\/page"}],"author":[{"embeddable":true,"href":"https:\/\/www.zanshin-dojo.de\/en\/wp-json\/wp\/v2\/users\/1"}],"replies":[{"embeddable":true,"href":"https:\/\/www.zanshin-dojo.de\/en\/wp-json\/wp\/v2\/comments?post=83579"}],"version-history":[{"count":63,"href":"https:\/\/www.zanshin-dojo.de\/en\/wp-json\/wp\/v2\/pages\/83579\/revisions"}],"predecessor-version":[{"id":98317,"href":"https:\/\/www.zanshin-dojo.de\/en\/wp-json\/wp\/v2\/pages\/83579\/revisions\/98317"}],"wp:attachment":[{"href":"https:\/\/www.zanshin-dojo.de\/en\/wp-json\/wp\/v2\/media?parent=83579"}],"curies":[{"name":"wp","href":"https:\/\/api.w.org\/{rel}","templated":true}]}}