{"id":83450,"date":"2020-02-02T15:46:28","date_gmt":"2020-02-02T15:46:28","guid":{"rendered":"https:\/\/www.zanshin-dojo.com\/?page_id=83450"},"modified":"2024-10-22T16:58:10","modified_gmt":"2024-10-22T16:58:10","slug":"impressum","status":"publish","type":"page","link":"https:\/\/www.zanshin-dojo.de\/en\/impressum\/","title":{"rendered":"Site Notice"},"content":{"rendered":"<div class=\"wpb-content-wrapper\"><div data-parent=\"true\" class=\"vc_row row-container\" id=\"row-unique-0\"><div class=\"row limit-width row-parent\"><div class=\"wpb_row row-inner\"><div class=\"wpb_column pos-top pos-center align_left column_parent col-lg-6 single-internal-gutter\"><div class=\"uncol style-light\"  ><div class=\"uncoltable\"><div class=\"uncell no-block-padding\" ><div class=\"uncont\" ><div class=\"uncode_text_column\" ><\/p>\n<h2>Impressum<\/h2>\n<p><strong>Zanshin Dojo GmbH [&amp;] Co. KG<\/strong><\/p>\n<p>Mendelssohnstra\u00dfe 15b<br \/>\n22761 Hamburg<\/p>\n<p>Handelsregister: HRA 119716<br \/>\nRegistergericht: Amtsgericht Hamburg<\/p>\n<h2>Vertreten durch:<\/h2>\n<p>Pers\u00f6nlich haftende Gesellschafterin der Zanshin Dojo GmbH [&amp;] Co. KG:<br \/>\nZanshin Beteiligungs GmbH<\/p>\n<p>Vertreten durch die Gesch\u00e4ftsf\u00fchrer:<br \/>\nTim von Fintel und Finn Rathmann<\/p>\n<p>Handelsregister: HRB 139751<br \/>\nRegistergericht: Amtsgericht Hamburg<\/p>\n<h2>Kontakt:<\/h2>\n<p>Telefon: +49 40 89070352<br \/>\nE-Mail: info(at)zanshin-dojo.de<\/p>\n<h2>Umsatzsteuer-ID:<\/h2>\n<p>Umsatzsteuer-Identifikationsnummer gem\u00e4\u00df \u00a727 a Umsatzsteuergesetz:<br \/>\nDE191133487<\/p>\n<h2>Angaben zur Berufshaftpflichtversicherung<\/h2>\n<p>AXA Versicherung AG<br \/>\nColonia-Allee 10-20, 51067, K\u00f6ln<\/p>\n<p>Geltungsraum der Versicherung: Europaweit<\/p>\n<h2>Verantwortlich f\u00fcr den Inhalt nach \u00a7 55 Abs. 2 RStV:<\/h2>\n<p>Leon Troester<br \/>\nMendelssohnstra\u00dfe 15b<br \/>\n22761 Hamburg<\/p>\n<h2>Streitschlichtung<\/h2>\n<p>Die Europ\u00e4ische Kommission stellt eine Plattform zur Online-Streitbeilegung (OS) bereit: <a href=\"https:\/\/ec.europa.eu\/consumers\/odr\" target=\"_blank\" rel=\"noopener noreferrer\">https:\/\/ec.europa.eu\/consumers\/odr<\/a>.<br \/>\nUnsere E-Mail-Adresse finden Sie oben im Impressum.<\/p>\n<p>Wir sind nicht bereit oder verpflichtet, an Streitbeilegungsverfahren vor einer Verbraucherschlichtungsstelle teilzunehmen.<\/p>\n<h3>Haftung f\u00fcr Inhalte<\/h3>\n<p>Als Diensteanbieter sind wir gem\u00e4\u00df \u00a7 7 Abs.1 TMG f\u00fcr eigene Inhalte auf diesen Seiten nach den allgemeinen Gesetzen verantwortlich. Nach \u00a7\u00a7 8 bis 10 TMG sind wir als Diensteanbieter jedoch nicht verpflichtet, \u00fcbermittelte oder gespeicherte fremde Informationen zu \u00fcberwachen oder nach Umst\u00e4nden zu forschen, die auf eine rechtswidrige T\u00e4tigkeit hinweisen.<\/p>\n<p>Verpflichtungen zur Entfernung oder Sperrung der Nutzung von Informationen nach den allgemeinen Gesetzen bleiben hiervon unber\u00fchrt. Eine diesbez\u00fcgliche Haftung ist jedoch erst ab dem Zeitpunkt der Kenntnis einer konkreten Rechtsverletzung m\u00f6glich. Bei Bekanntwerden von entsprechenden Rechtsverletzungen werden wir diese Inhalte umgehend entfernen.<\/p>\n<h3>Haftung f\u00fcr Links<\/h3>\n<p>Unser Angebot enth\u00e4lt Links zu externen Websites Dritter, auf deren Inhalte wir keinen Einfluss haben. Deshalb k\u00f6nnen wir f\u00fcr diese fremden Inhalte auch keine Gew\u00e4hr \u00fcbernehmen. F\u00fcr die Inhalte der verlinkten Seiten ist stets der jeweilige Anbieter oder Betreiber der Seiten verantwortlich. Die verlinkten Seiten wurden zum Zeitpunkt der Verlinkung auf m\u00f6gliche Rechtsverst\u00f6\u00dfe \u00fcberpr\u00fcft. Rechtswidrige Inhalte waren zum Zeitpunkt der Verlinkung nicht erkennbar.<\/p>\n<p>Eine permanente inhaltliche Kontrolle der verlinkten Seiten ist jedoch ohne konkrete Anhaltspunkte einer Rechtsverletzung nicht zumutbar. Bei Bekanntwerden von Rechtsverletzungen werden wir derartige Links umgehend entfernen.<\/p>\n<h3>Urheberrecht<\/h3>\n<p>Die durch die Seitenbetreiber erstellten Inhalte und Werke auf diesen Seiten unterliegen dem deutschen Urheberrecht. Die Vervielf\u00e4ltigung, Bearbeitung, Verbreitung und jede Art der Verwertung au\u00dferhalb der Grenzen des Urheberrechtes bed\u00fcrfen der schriftlichen Zustimmung des jeweiligen Autors bzw. Erstellers. Downloads und Kopien dieser Seite sind nur f\u00fcr den privaten, nicht kommerziellen Gebrauch gestattet.<\/p>\n<p>Soweit die Inhalte auf dieser Seite nicht vom Betreiber erstellt wurden, werden die Urheberrechte Dritter beachtet. Insbesondere werden Inhalte Dritter als solche gekennzeichnet. Sollten Sie trotzdem auf eine Urheberrechtsverletzung aufmerksam werden, bitten wir um einen entsprechenden Hinweis. Bei Bekanntwerden von Rechtsverletzungen werden wir derartige Inhalte umgehend entfernen.<\/p>\n<p>Webdesign by <a href=\"https:\/\/leon-troester.com\/\">Leon Tr\u00f6ster<\/a><\/p>\n<\/div><\/div><\/div><\/div><\/div><\/div><div class=\"wpb_column pos-top pos-center align_left column_parent col-lg-6 single-internal-gutter\"><div class=\"uncol style-light\"  ><div class=\"uncoltable\"><div class=\"uncell no-block-padding\" ><div class=\"uncont\" ><span class=\"btn-container\" ><a role=\"button\"  href=\"https:\/\/www.zanshin-dojo.de\/langenhorn\/\" class=\"custom-link btn border-width-0 btn-color-182181 btn-icon-left\">Hier geht es zur\u00fcck zur Langenhorn Website<\/a><\/span><\/div><\/div><\/div><\/div><\/div><script id=\"script-row-unique-0\" data-row=\"script-row-unique-0\" type=\"text\/javascript\" class=\"vc_controls\">UNCODE.initRow(document.getElementById(\"row-unique-0\"));<\/script><\/div><\/div><\/div><div data-parent=\"true\" class=\"vc_row row-container\" id=\"row-unique-1\"><div class=\"row limit-width row-parent\"><div class=\"wpb_row row-inner\"><div class=\"wpb_column pos-top pos-center align_left column_parent col-lg-12 single-internal-gutter\"><div class=\"uncol style-light\"  ><div class=\"uncoltable\"><div class=\"uncell no-block-padding\" ><div class=\"uncont\" ><\/div><\/div><\/div><\/div><\/div><script id=\"script-row-unique-1\" data-row=\"script-row-unique-1\" type=\"text\/javascript\" class=\"vc_controls\">UNCODE.initRow(document.getElementById(\"row-unique-1\"));<\/script><\/div><\/div><\/div>\n<\/div>","protected":false},"excerpt":{"rendered":"Impressum Zanshin Dojo GmbH [&amp;] Co. KG Mendelssohnstra\u00dfe 15b 22761 Hamburg Handelsregister: HRA 119716 Registergericht: Amtsgericht Hamburg Vertreten durch: Pers\u00f6nlich [...]","protected":false},"author":1,"featured_media":0,"parent":0,"menu_order":0,"comment_status":"closed","ping_status":"closed","template":"","meta":{"footnotes":""},"class_list":["post-83450","page","type-page","status-publish","hentry"],"_links":{"self":[{"href":"https:\/\/www.zanshin-dojo.de\/en\/wp-json\/wp\/v2\/pages\/83450","targetHints":{"allow":["GET"]}}],"collection":[{"href":"https:\/\/www.zanshin-dojo.de\/en\/wp-json\/wp\/v2\/pages"}],"about":[{"href":"https:\/\/www.zanshin-dojo.de\/en\/wp-json\/wp\/v2\/types\/page"}],"author":[{"embeddable":true,"href":"https:\/\/www.zanshin-dojo.de\/en\/wp-json\/wp\/v2\/users\/1"}],"replies":[{"embeddable":true,"href":"https:\/\/www.zanshin-dojo.de\/en\/wp-json\/wp\/v2\/comments?post=83450"}],"version-history":[{"count":6,"href":"https:\/\/www.zanshin-dojo.de\/en\/wp-json\/wp\/v2\/pages\/83450\/revisions"}],"predecessor-version":[{"id":97029,"href":"https:\/\/www.zanshin-dojo.de\/en\/wp-json\/wp\/v2\/pages\/83450\/revisions\/97029"}],"wp:attachment":[{"href":"https:\/\/www.zanshin-dojo.de\/en\/wp-json\/wp\/v2\/media?parent=83450"}],"curies":[{"name":"wp","href":"https:\/\/api.w.org\/{rel}","templated":true}]}}